{"id":43,"date":"2020-10-27T17:04:58","date_gmt":"2020-10-27T17:04:58","guid":{"rendered":"https:\/\/hospiceyukon.net\/site2\/?page_id=43"},"modified":"2025-09-12T22:54:19","modified_gmt":"2025-09-12T22:54:19","slug":"services","status":"publish","type":"page","link":"https:\/\/hospiceyukon.net\/fr\/services\/","title":{"rendered":"Services"},"content":{"rendered":"<div class=\"wpb-content-wrapper\"><div class=\"vc_row wpb_row vc_row-fluid\"><div class=\"wpb_column vc_column_container vc_col-sm-12\"><div class=\"vc_column-inner vc_custom_1614027693029\"><div class=\"wpb_wrapper\">\n\t<div class=\"wpb_single_image wpb_content_element vc_align_center  vc_custom_1757717312223\">\n\t\t\n\t\t<figure class=\"wpb_wrapper vc_figure\">\n\t\t\t<div class=\"vc_single_image-wrapper   vc_box_border_grey\"><img loading=\"lazy\" decoding=\"async\" width=\"2560\" height=\"1136\" src=\"https:\/\/hospiceyukon.net\/wp-content\/uploads\/2025\/09\/409-Jarvis-scaled.jpg\" class=\"vc_single_image-img attachment-full\" alt=\"\" title=\"409 Jarvis\" srcset=\"https:\/\/hospiceyukon.net\/wp-content\/uploads\/2025\/09\/409-Jarvis-scaled.jpg 2560w, https:\/\/hospiceyukon.net\/wp-content\/uploads\/2025\/09\/409-Jarvis-300x133.jpg 300w, https:\/\/hospiceyukon.net\/wp-content\/uploads\/2025\/09\/409-Jarvis-1024x454.jpg 1024w, https:\/\/hospiceyukon.net\/wp-content\/uploads\/2025\/09\/409-Jarvis-768x341.jpg 768w, https:\/\/hospiceyukon.net\/wp-content\/uploads\/2025\/09\/409-Jarvis-1536x681.jpg 1536w, https:\/\/hospiceyukon.net\/wp-content\/uploads\/2025\/09\/409-Jarvis-2048x908.jpg 2048w, https:\/\/hospiceyukon.net\/wp-content\/uploads\/2025\/09\/409-Jarvis-18x8.jpg 18w\" sizes=\"auto, (max-width: 2560px) 100vw, 2560px\" \/><\/div>\n\t\t<\/figure>\n\t<\/div>\n<div\n\t\t\t\n\t\t\tclass=\"so-widget-sow-editor so-widget-sow-editor-base\"\n\t\t\t\n\t\t>\n<div class=\"siteorigin-widget-tinymce textwidget\">\n\t<div id=\"pgc-110-1-0\" class=\"panel-grid-cell\">\n<div id=\"panel-110-1-0-0\" class=\"so-panel widget widget_sow-editor panel-first-child panel-last-child\" data-index=\"1\">\n<div class=\"panel-widget-style panel-widget-style-for-110-1-0-0\">\n<div class=\"so-widget-sow-editor so-widget-sow-editor-base\">\n<div class=\"wp-block-siteorigin-panels-layout-block\">\n<div id=\"pl-43\" class=\"panel-layout\">\n<div id=\"pg-43-0\" class=\"panel-grid panel-has-style\">\n<div class=\"siteorigin-panels-stretch panel-row-style panel-row-style-for-43-0\" data-stretch-type=\"full\">\n<div id=\"pgc-43-0-0\" class=\"panel-grid-cell\">\n<div id=\"panel-43-0-0-1\" class=\"so-panel widget widget_sow-editor panel-last-child\" data-index=\"1\">\n<div class=\"panel-widget-style panel-widget-style-for-43-0-0-1\">\n<div class=\"so-widget-sow-editor so-widget-sow-editor-base\">\n<div class=\"siteorigin-widget-tinymce textwidget\">\n<h4>Services<\/h4>\n<p><span style=\"font-weight: 400;\">Chaque exp\u00e9rience de mort et de deuil est unique. Hospice Yukon offre une vari\u00e9t\u00e9 de programmes qui r\u00e9pondent aux diff\u00e9rents besoins des personnes qui viennent chercher de l'aide. Nos programmes et services offrent confort et r\u00e9confort ainsi que des outils pratiques et habilitants pour la gu\u00e9rison. Vous pouvez acc\u00e9der \u00e0:<\/span><\/p>\n<ul>\n<li><strong><a href=\"https:\/\/hospiceyukon.net\/site2\/services\/counselling\/\">Soutien psychologique<\/a><\/strong><\/li>\n<li><strong><a href=\"https:\/\/hospiceyukon.net\/site2\/services\/healing-touch\/\">Toucher th\u00e9rapeutique <i>(Healing Touch)<\/i><\/a>\u00a0<\/strong><\/li>\n<li><strong><a href=\"https:\/\/hospiceyukon.net\/site2\/services\/grief-groups\/\">Groupes sur le deuil<\/a><\/strong><\/li>\n<li><strong><a href=\"https:\/\/hospiceyukon.net\/site2\/en\/services\/palliative-support\/\">Soutien palliatif<\/a><\/strong><\/li>\n<li><strong><a href=\"https:\/\/hospiceyukon.net\/site2\/en\/services\/professional-support\/\">Soutien aux professionnels<\/a><\/strong><\/li>\n<li><strong><a href=\"https:\/\/hospiceyukon.net\/site2\/en\/services\/public-education\/\">\u00c9ducation au public<\/a><\/strong><\/li>\n<li><strong><a href=\"https:\/\/hospiceyukon.net\/site2\/en\/services\/support-for-yukon-communities\/\">Soutien aux communaut\u00e9s du Yukon\u00a0<\/a><\/strong><\/li>\n<\/ul>\n<p><span style=\"font-weight: 400;\">Les b\u00e9n\u00e9voles d\u2019Hospice font partie int\u00e9grante de nos programmes. Ils animent des groupes, offrent du toucher th\u00e9rapeutique et veillent au chevet des mourants. Ils participent \u00e0 un grand nombre de nos programmes et ateliers afin d'offrir des outils efficaces pour la gu\u00e9rison et le changement positif.<\/span><\/p>\n<p><strong><i>\u00ab Hospice m'a accueilli lorsque mon c\u0153ur et mon esprit \u00e9taient bris\u00e9s, et son atmosph\u00e8re chaleureuse est devenue mon refuge. \u00bb<\/i><\/strong><\/p>\n<\/div>\n<\/div>\n<\/div>\n<\/div>\n<\/div>\n<\/div>\n<\/div>\n<\/div>\n<\/div>\n<h4><!-- \/wp:siteorigin-panels\/layout-block --><\/h4>\n<\/div>\n<\/div>\n<\/div>\n<\/div>\n<\/div>\n<\/div><\/div><\/div><\/div><\/div>\n<\/div>","protected":false},"excerpt":{"rendered":"Services Each experience with dying and grieving is unique. Hospice Yukon offers a variety of programs that speak to the different needs of those who come here for support. Our programs and services offer comfort and solace as well as practical and empowering tools for healing. You may benefit from: Counselling Healing Touch\u00a0 Grief Groups [...]","protected":false},"author":3,"featured_media":0,"parent":0,"menu_order":0,"comment_status":"closed","ping_status":"closed","template":"page.php","meta":{"footnotes":""},"class_list":["post-43","page","type-page","status-publish","hentry"],"_links":{"self":[{"href":"https:\/\/hospiceyukon.net\/fr\/wp-json\/wp\/v2\/pages\/43","targetHints":{"allow":["GET"]}}],"collection":[{"href":"https:\/\/hospiceyukon.net\/fr\/wp-json\/wp\/v2\/pages"}],"about":[{"href":"https:\/\/hospiceyukon.net\/fr\/wp-json\/wp\/v2\/types\/page"}],"author":[{"embeddable":true,"href":"https:\/\/hospiceyukon.net\/fr\/wp-json\/wp\/v2\/users\/3"}],"replies":[{"embeddable":true,"href":"https:\/\/hospiceyukon.net\/fr\/wp-json\/wp\/v2\/comments?post=43"}],"version-history":[{"count":60,"href":"https:\/\/hospiceyukon.net\/fr\/wp-json\/wp\/v2\/pages\/43\/revisions"}],"predecessor-version":[{"id":3148,"href":"https:\/\/hospiceyukon.net\/fr\/wp-json\/wp\/v2\/pages\/43\/revisions\/3148"}],"wp:attachment":[{"href":"https:\/\/hospiceyukon.net\/fr\/wp-json\/wp\/v2\/media?parent=43"}],"curies":[{"name":"wp","href":"https:\/\/api.w.org\/{rel}","templated":true}]}}