{"id":2,"date":"2020-04-02T04:06:33","date_gmt":"2020-04-02T04:06:33","guid":{"rendered":"https:\/\/hospiceyukon.net\/site2\/?page_id=2"},"modified":"2021-03-03T19:52:20","modified_gmt":"2021-03-03T19:52:20","slug":"sample-page","status":"publish","type":"page","link":"https:\/\/hospiceyukon.net\/fr\/","title":{"rendered":"Home"},"content":{"rendered":"<div class=\"wpb-content-wrapper\"><div data-vc-full-width=\"true\" data-vc-full-width-init=\"false\" data-vc-stretch-content=\"true\" class=\"vc_row wpb_row vc_row-fluid vc_row-no-padding\"><div class=\"wpb_column vc_column_container vc_col-sm-12\"><div class=\"vc_column-inner\"><div class=\"wpb_wrapper\">\n\t<div class=\"wpb_single_image wpb_content_element vc_align_center\">\n\t\t\n\t\t<figure class=\"wpb_wrapper vc_figure\">\n\t\t\t<div class=\"vc_single_image-wrapper   vc_box_border_grey\"><img loading=\"lazy\" decoding=\"async\" width=\"1766\" height=\"966\" src=\"https:\/\/hospiceyukon.net\/wp-content\/uploads\/2021\/02\/Wind-River2-e1614101017293.jpg\" class=\"vc_single_image-img attachment-full\" alt=\"Wind River; photo: Robert Postma\" title=\"Wind River2\" srcset=\"https:\/\/hospiceyukon.net\/wp-content\/uploads\/2021\/02\/Wind-River2-e1614101017293.jpg 1766w, https:\/\/hospiceyukon.net\/wp-content\/uploads\/2021\/02\/Wind-River2-e1614101017293-300x164.jpg 300w, https:\/\/hospiceyukon.net\/wp-content\/uploads\/2021\/02\/Wind-River2-e1614101017293-1024x560.jpg 1024w, https:\/\/hospiceyukon.net\/wp-content\/uploads\/2021\/02\/Wind-River2-e1614101017293-768x420.jpg 768w, https:\/\/hospiceyukon.net\/wp-content\/uploads\/2021\/02\/Wind-River2-e1614101017293-1536x840.jpg 1536w, https:\/\/hospiceyukon.net\/wp-content\/uploads\/2021\/02\/Wind-River2-e1614101017293-16x9.jpg 16w\" sizes=\"auto, (max-width: 1766px) 100vw, 1766px\" \/><\/div>\n\t\t<\/figure>\n\t<\/div>\n<\/div><\/div><\/div><\/div><div class=\"vc_row-full-width vc_clearfix\"><\/div><div class=\"vc_row wpb_row vc_row-fluid vc_row-o-content-top vc_row-flex\"><div class=\"wpb_column vc_column_container vc_col-sm-4\"><div class=\"vc_column-inner\"><div class=\"wpb_wrapper\"><div class=\"vc_tta-container\" data-vc-action=\"collapseAll\"><div class=\"vc_general vc_tta vc_tta-accordion vc_tta-color-grey vc_tta-style-modern vc_tta-shape-rounded vc_tta-spacing-3 vc_tta-controls-align-default vc_tta-o-no-fill vc_tta-o-all-clickable\"><div class=\"vc_tta-panels-container\"><div class=\"vc_tta-panels\"><div class=\"vc_tta-panel\" id=\"1611608324845-30ca6f27-298d\" data-vc-content=\".vc_tta-panel-body\"><div class=\"vc_tta-panel-heading\"><h4 class=\"vc_tta-panel-title vc_tta-controls-icon-position-left\"><a href=\"#1611608324845-30ca6f27-298d\" data-vc-accordion data-vc-container=\".vc_tta-container\"><span class=\"vc_tta-title-text\">Vous pleurez la mort d'un \u00eatre cher ?<\/span><i class=\"vc_tta-controls-icon vc_tta-controls-icon-plus\"><\/i><\/a><\/h4><\/div><div class=\"vc_tta-panel-body\"><div  class=\"vc_wp_text wpb_content_element\"><div class=\"widget widget_text\">\t\t\t<div class=\"textwidget\"><p>Grieving the death of someone we love is one of the most difficult experiences we will face in life. And although it is hard, it is a natural response to loss and a normal part of life. In meeting our grief \u2013 by acknowledging and exploring it \u2013 we heal, grow and find inspiration for the future. Hospice Yukon <a href=\"https:\/\/hospiceyukon.net\/en\/services\/\">Les services<\/a> et <a href=\"https:\/\/hospiceyukon.net\/en\/reading-room\/resources\/\">ressources.<\/a> will help you to better understand this journey and support you as you move through it.<\/p>\n<\/div>\n\t\t<\/div><\/div><\/div><\/div><\/div><\/div><\/div><\/div><\/div><\/div><\/div><div class=\"wpb_column vc_column_container vc_col-sm-4\"><div class=\"vc_column-inner\"><div class=\"wpb_wrapper\"><div class=\"vc_tta-container\" data-vc-action=\"collapseAll\"><div class=\"vc_general vc_tta vc_tta-accordion vc_tta-color-grey vc_tta-style-modern vc_tta-shape-rounded vc_tta-spacing-3 vc_tta-controls-align-default vc_tta-o-no-fill vc_tta-o-all-clickable\"><div class=\"vc_tta-panels-container\"><div class=\"vc_tta-panels\"><div class=\"vc_tta-panel\" id=\"1611608950521-76df497c-6c1f\" data-vc-content=\".vc_tta-panel-body\"><div class=\"vc_tta-panel-heading\"><h4 class=\"vc_tta-panel-title vc_tta-controls-icon-position-left\"><a href=\"#1611608950521-76df497c-6c1f\" data-vc-accordion data-vc-container=\".vc_tta-container\"><span class=\"vc_tta-title-text\">Vous vivez avec une maladie grave?<\/span><i class=\"vc_tta-controls-icon vc_tta-controls-icon-plus\"><\/i><\/a><\/h4><\/div><div class=\"vc_tta-panel-body\"><div  class=\"vc_wp_text wpb_content_element\"><div class=\"widget widget_text\">\t\t\t<div class=\"textwidget\"><p>Peut-\u00eatre avez-vous \u00e9t\u00e9 inform\u00e9 par votre m\u00e9decin que vous souffrez d'une maladie \u00e9volutive qui pourrait mettre fin \u00e0 votre vie plus t\u00f4t que vous ne l'auriez imagin\u00e9. Toutes sortes de sentiments peuvent surgir en r\u00e9action \u00e0 cette nouvelle : col\u00e8re, peur, incr\u00e9dulit\u00e9, engourdissement, chagrin, tristesse, soulagement, paix. Vous pouvez ressentir l\u2019ensemble ou quelques-uns de ces sentiments, ou vous pouvez vous sentir engourdi. Vous pouvez vous sentir vuln\u00e9rable et fragile.<\/p>\n<p>Votre diagnostic vous affectera, ainsi que tous ceux qui vous aiment, y compris votre famille, vos amis, vos connaissances, vos coll\u00e8gues et vos voisins. Au fur et \u00e0 mesure que chaque personne dans votre vie assimile ces nouvelles connaissances, vous pouvez \u00e9galement \u00eatre t\u00e9moin de ses vuln\u00e9rabilit\u00e9s et de ses difficult\u00e9s. Soudain, la vie et la mort peuvent prendre de nouvelles significations importantes.<\/p>\n<p>At Hospice Yukon our <a href=\"https:\/\/hospiceyukon.net\/en\/services\/\">Les services<\/a> et <a href=\"https:\/\/hospiceyukon.net\/en\/reading-room\/resources\/\">ressources.<\/a> are dedicated to offering comfort and enhancing the quality of life for those facing advanced illness and death.<\/p>\n<p>L'information et la connaissance peuvent \u00eatre source d'autonomisation \u00e0 une \u00e9poque o\u00f9 tant de choses sont inconnues et incertaines. Les ressources propos\u00e9es ici peuvent vous aider \u00e0 traverser cette p\u00e9riode difficile.<\/p>\n<\/div>\n\t\t<\/div><\/div><\/div><\/div><\/div><\/div><\/div><\/div><\/div><\/div><\/div><div class=\"wpb_column vc_column_container vc_col-sm-4\"><div class=\"vc_column-inner\"><div class=\"wpb_wrapper\"><div class=\"vc_tta-container\" data-vc-action=\"collapseAll\"><div class=\"vc_general vc_tta vc_tta-accordion vc_tta-color-grey vc_tta-style-modern vc_tta-shape-rounded vc_tta-spacing-3 vc_tta-controls-align-default vc_tta-o-no-fill vc_tta-o-all-clickable\"><div class=\"vc_tta-panels-container\"><div class=\"vc_tta-panels\"><div class=\"vc_tta-panel\" id=\"1611609035095-3b765c8c-eed9\" data-vc-content=\".vc_tta-panel-body\"><div class=\"vc_tta-panel-heading\"><h4 class=\"vc_tta-panel-title vc_tta-controls-icon-position-left\"><a href=\"#1611609035095-3b765c8c-eed9\" data-vc-accordion data-vc-container=\".vc_tta-container\"><span class=\"vc_tta-title-text\">Soutenez-vous une personne confront\u00e9e \u00e0 ces d\u00e9fis ?<\/span><i class=\"vc_tta-controls-icon vc_tta-controls-icon-plus\"><\/i><\/a><\/h4><\/div><div class=\"vc_tta-panel-body\"><div  class=\"vc_wp_text wpb_content_element\"><div class=\"widget widget_text\">\t\t\t<div class=\"textwidget\"><p>Il n'est pas facile de soutenir quelqu'un qui est en deuil. Souvent, nous voulons lui enlever sa douleur - pour r\u00e9parer ce qui ne peut l'\u00eatre. Leur douleur peut d\u00e9clencher notre propre deuil non gu\u00e9ri. Il se peut que nous \u00e9vitions une conversation, de peur de ne pas savoir quoi dire.<\/p>\n<p>Le simple fait d'\u00eatre l\u00e0 est la forme de soutien la plus authentique ; notre pr\u00e9sence est la chose la plus pr\u00e9cieuse que nous ayons \u00e0 offrir. <a href=\"https:\/\/hospiceyukon.net\/en\/services\/\">Les services<\/a> et <a href=\"https:\/\/hospiceyukon.net\/en\/reading-room\/resources\/\">ressources.<\/a>\u00a0d\u2019Hospice Yukon peuvent vous aider \u00e0 traverser des moments difficiles et \u00e0 trouver des moyens de r\u00e9conforter et de soutenir votre famille, vos amis et votre communaut\u00e9.<\/p>\n<\/div>\n\t\t<\/div><\/div><\/div><\/div><\/div><\/div><\/div><\/div><\/div><\/div><\/div><\/div>\n<\/div>","protected":false},"excerpt":{"rendered":"Are you grieving the death of a loved one? Grieving the death of someone we love is one of the most difficult experiences we will face in life. And although it is hard, it is a natural response to loss and a normal part of life. In meeting our grief \u2013 by acknowledging and exploring [...]","protected":false},"author":1,"featured_media":0,"parent":0,"menu_order":0,"comment_status":"closed","ping_status":"closed","template":"","meta":{"footnotes":""},"class_list":["post-2","page","type-page","status-publish","hentry"],"_links":{"self":[{"href":"https:\/\/hospiceyukon.net\/fr\/wp-json\/wp\/v2\/pages\/2","targetHints":{"allow":["GET"]}}],"collection":[{"href":"https:\/\/hospiceyukon.net\/fr\/wp-json\/wp\/v2\/pages"}],"about":[{"href":"https:\/\/hospiceyukon.net\/fr\/wp-json\/wp\/v2\/types\/page"}],"author":[{"embeddable":true,"href":"https:\/\/hospiceyukon.net\/fr\/wp-json\/wp\/v2\/users\/1"}],"replies":[{"embeddable":true,"href":"https:\/\/hospiceyukon.net\/fr\/wp-json\/wp\/v2\/comments?post=2"}],"version-history":[{"count":133,"href":"https:\/\/hospiceyukon.net\/fr\/wp-json\/wp\/v2\/pages\/2\/revisions"}],"predecessor-version":[{"id":1973,"href":"https:\/\/hospiceyukon.net\/fr\/wp-json\/wp\/v2\/pages\/2\/revisions\/1973"}],"wp:attachment":[{"href":"https:\/\/hospiceyukon.net\/fr\/wp-json\/wp\/v2\/media?parent=2"}],"curies":[{"name":"wp","href":"https:\/\/api.w.org\/{rel}","templated":true}]}}