{"id":14,"date":"2020-10-26T19:44:36","date_gmt":"2020-10-26T19:44:36","guid":{"rendered":"https:\/\/hospiceyukon.net\/site2\/?page_id=14"},"modified":"2026-01-15T22:09:32","modified_gmt":"2026-01-15T22:09:32","slug":"about","status":"publish","type":"page","link":"https:\/\/hospiceyukon.net\/fr\/about\/","title":{"rendered":"\u00c0 propos"},"content":{"rendered":"<div class=\"wpb-content-wrapper\"><div class=\"vc_row wpb_row vc_row-fluid vc_custom_1612296187325\"><div class=\"wpb_column vc_column_container vc_col-sm-12\"><div class=\"vc_column-inner vc_custom_1614028115758\"><div class=\"wpb_wrapper\">\n\t<div class=\"wpb_single_image wpb_content_element vc_align_center  vc_custom_1614030297857\">\n\t\t\n\t\t<figure class=\"wpb_wrapper vc_figure\">\n\t\t\t<div class=\"vc_single_image-wrapper   vc_box_border_grey\"><img loading=\"lazy\" decoding=\"async\" width=\"2016\" height=\"1083\" src=\"https:\/\/hospiceyukon.net\/wp-content\/uploads\/2020\/10\/121127836_3717419324943945_1229423847718834936_o-e1603831791666.jpg\" class=\"vc_single_image-img attachment-full\" alt=\"feelie hearts\" title=\"121127836_3717419324943945_1229423847718834936_o\" srcset=\"https:\/\/hospiceyukon.net\/wp-content\/uploads\/2020\/10\/121127836_3717419324943945_1229423847718834936_o-e1603831791666.jpg 2016w, https:\/\/hospiceyukon.net\/wp-content\/uploads\/2020\/10\/121127836_3717419324943945_1229423847718834936_o-e1603831791666-300x161.jpg 300w, https:\/\/hospiceyukon.net\/wp-content\/uploads\/2020\/10\/121127836_3717419324943945_1229423847718834936_o-e1603831791666-1024x550.jpg 1024w, https:\/\/hospiceyukon.net\/wp-content\/uploads\/2020\/10\/121127836_3717419324943945_1229423847718834936_o-e1603831791666-768x413.jpg 768w, https:\/\/hospiceyukon.net\/wp-content\/uploads\/2020\/10\/121127836_3717419324943945_1229423847718834936_o-e1603831791666-1536x825.jpg 1536w\" sizes=\"auto, (max-width: 2016px) 100vw, 2016px\" \/><\/div>\n\t\t<\/figure>\n\t<\/div>\n<div  class=\"vc_wp_text wpb_content_element\"><div class=\"widget widget_text\">\t\t\t<div class=\"textwidget\"><p><strong><i>La Hospice Yukon Society<\/i><\/strong> soutient les Yukonnais dans leur deuil et leur fin de vie depuis 1989. Nous proposons des programmes et des services pour vous aider \u00e0 mieux comprendre le profond cheminement de la vie, de la mort et du deuil. Et nous vous aidons \u00e0 mieux vous soutenir et \u00e0 soutenir les autres.<\/p>\n<p>Notre \u00e9quipe d\u00e9vou\u00e9e d'employ\u00e9s et de b\u00e9n\u00e9voles offre un soutien aux clients mourants et en deuil dans les \u00e9tablissements de soins continus de Whitehorse, \u00e0 l'H\u00f4pital g\u00e9n\u00e9ral de Whitehorse, dans les maisons priv\u00e9es et \u00e0 nos bureaux du centre-ville. Nous offrons \u00e9galement des services et des programmes en ligne pour les personnes vivant dans les communaut\u00e9s rurales du Yukon.<\/p>\n<p><strong><i>Notre vision : Hospice Yukon inspire une communaut\u00e9 compatissante en soutenant et en \u00e9duquant les Yukonnais qui vivent la mort et le deuil.<\/i><\/strong><\/p>\n<\/div>\n\t\t<\/div><\/div><\/div><\/div><\/div><\/div><div class=\"vc_row wpb_row vc_row-fluid vc_custom_1614030427649\"><div class=\"wpb_column vc_column_container vc_col-sm-12\"><div class=\"vc_column-inner\"><div class=\"wpb_wrapper\"><div class=\"vc_separator wpb_content_element vc_separator_align_center vc_sep_width_100 vc_sep_pos_align_center vc_separator_no_text wpb_content_element  wpb_content_element\" ><span class=\"vc_sep_holder vc_sep_holder_l\"><span style=\"border-color:#ffce1b;\" class=\"vc_sep_line\"><\/span><\/span><span class=\"vc_sep_holder vc_sep_holder_r\"><span style=\"border-color:#ffce1b;\" class=\"vc_sep_line\"><\/span><\/span>\n<\/div><div  class=\"vc_wp_text wpb_content_element\"><div class=\"widget widget_text\">\t\t\t<div class=\"textwidget\"><\/p>\n<h4>Personnel et conseil d'administration<\/h4>\n<p>\n<\/div>\n\t\t<\/div><\/div><\/div><\/div><\/div><\/div><div class=\"vc_row wpb_row vc_row-fluid vc_custom_1614301731939 vc_row-o-equal-height vc_row-o-content-top vc_row-flex\"><div class=\"wpb_column vc_column_container vc_col-sm-2\"><div class=\"vc_column-inner\"><div class=\"wpb_wrapper\">\n\t<div class=\"wpb_single_image wpb_content_element vc_align_center\">\n\t\t\n\t\t<figure class=\"wpb_wrapper vc_figure\">\n\t\t\t<div class=\"vc_single_image-wrapper vc_box_circle  vc_box_border_grey\"><img loading=\"lazy\" decoding=\"async\" width=\"200\" height=\"200\" src=\"https:\/\/hospiceyukon.net\/wp-content\/uploads\/2020\/11\/Val-Pike-Board-Co-Chair.png\" class=\"vc_single_image-img attachment-full\" alt=\"Val Pike Board Co-Chair\" title=\"Val Pike Board Co-Chair\" srcset=\"https:\/\/hospiceyukon.net\/wp-content\/uploads\/2020\/11\/Val-Pike-Board-Co-Chair.png 200w, https:\/\/hospiceyukon.net\/wp-content\/uploads\/2020\/11\/Val-Pike-Board-Co-Chair-150x150.png 150w\" sizes=\"auto, (max-width: 200px) 100vw, 200px\" \/><\/div>\n\t\t<\/figure>\n\t<\/div>\n<div  class=\"vc_wp_text wpb_content_element\"><div class=\"widget widget_text\">\t\t\t<div class=\"textwidget\"><\/p>\n<p style=\"text-align: center;\"><strong>Val Pike<br \/>\n<\/strong>Co-Chair<\/p>\n<p>\n<\/div>\n\t\t<\/div><\/div><\/div><\/div><\/div><div class=\"wpb_column vc_column_container vc_col-sm-2\"><div class=\"vc_column-inner\"><div class=\"wpb_wrapper\">\n\t<div class=\"wpb_single_image wpb_content_element vc_align_center\">\n\t\t\n\t\t<figure class=\"wpb_wrapper vc_figure\">\n\t\t\t<div class=\"vc_single_image-wrapper vc_box_circle  vc_box_border_grey\"><img decoding=\"async\" class=\"vc_single_image-img\" src=\"https:\/\/hospiceyukon.net\/wp-content\/uploads\/2026\/01\/Clea-photo-copy-1-236x236.jpeg\" width=\"236\" height=\"236\" alt=\"Clea photo copy\" title=\"Clea photo copy\" loading=\"lazy\" \/><\/div>\n\t\t<\/figure>\n\t<\/div>\n<div  class=\"vc_wp_text wpb_content_element\"><div class=\"widget widget_text\">\t\t\t<div class=\"textwidget\"><\/p>\n<p style=\"text-align: center;\"><strong>Clea Roberts<br \/>\n<\/strong>Co-Chair<\/p>\n<p>\n<\/div>\n\t\t<\/div><\/div><\/div><\/div><\/div><div class=\"wpb_column vc_column_container vc_col-sm-2\"><div class=\"vc_column-inner\"><div class=\"wpb_wrapper\">\n\t<div class=\"wpb_single_image wpb_content_element vc_align_center\">\n\t\t\n\t\t<figure class=\"wpb_wrapper vc_figure\">\n\t\t\t<div class=\"vc_single_image-wrapper vc_box_circle  vc_box_border_grey\"><img decoding=\"async\" class=\"vc_single_image-img\" src=\"https:\/\/hospiceyukon.net\/wp-content\/uploads\/2022\/06\/Susan-Walton-head-shot-1202x1202.jpg\" width=\"1202\" height=\"1202\" alt=\"Susan Walton head shot\" title=\"Susan Walton head shot\" loading=\"lazy\" \/><\/div>\n\t\t<\/figure>\n\t<\/div>\n<div  class=\"vc_wp_text wpb_content_element\"><div class=\"widget widget_text\">\t\t\t<div class=\"textwidget\"><\/p>\n<p style=\"text-align: center;\"><strong>Susan Walton<br \/>\n<\/strong>Secretary<\/p>\n<p>\n<\/div>\n\t\t<\/div><\/div><\/div><\/div><\/div><div class=\"wpb_column vc_column_container vc_col-sm-2\"><div class=\"vc_column-inner\"><div class=\"wpb_wrapper\">\n\t<div class=\"wpb_single_image wpb_content_element vc_align_center\">\n\t\t\n\t\t<figure class=\"wpb_wrapper vc_figure\">\n\t\t\t<div class=\"vc_single_image-wrapper vc_box_circle  vc_box_border_grey\"><img loading=\"lazy\" decoding=\"async\" width=\"200\" height=\"200\" src=\"https:\/\/hospiceyukon.net\/wp-content\/uploads\/2020\/11\/Alex-Kmet-Board-Director.png\" class=\"vc_single_image-img attachment-full\" alt=\"Alex Kmet Board Director\" title=\"Alex Kmet Board Director\" srcset=\"https:\/\/hospiceyukon.net\/wp-content\/uploads\/2020\/11\/Alex-Kmet-Board-Director.png 200w, https:\/\/hospiceyukon.net\/wp-content\/uploads\/2020\/11\/Alex-Kmet-Board-Director-150x150.png 150w\" sizes=\"auto, (max-width: 200px) 100vw, 200px\" \/><\/div>\n\t\t<\/figure>\n\t<\/div>\n<div  class=\"vc_wp_text wpb_content_element\"><div class=\"widget widget_text\">\t\t\t<div class=\"textwidget\"><\/p>\n<p style=\"text-align: center;\"><strong>Alex Kmet<br \/>\n<\/strong>Director<\/p>\n<p>\n<\/div>\n\t\t<\/div><\/div><\/div><\/div><\/div><div class=\"wpb_column vc_column_container vc_col-sm-2\"><div class=\"vc_column-inner\"><div class=\"wpb_wrapper\">\n\t<div class=\"wpb_single_image wpb_content_element vc_align_center\">\n\t\t\n\t\t<figure class=\"wpb_wrapper vc_figure\">\n\t\t\t<div class=\"vc_single_image-wrapper vc_box_circle  vc_box_border_grey\"><img loading=\"lazy\" decoding=\"async\" width=\"200\" height=\"200\" src=\"https:\/\/hospiceyukon.net\/wp-content\/uploads\/2020\/11\/Stacey-Jones-Executive-Director.png\" class=\"vc_single_image-img attachment-full\" alt=\"Stacey Jones Executive Director\" title=\"Stacey Jones Executive Director\" srcset=\"https:\/\/hospiceyukon.net\/wp-content\/uploads\/2020\/11\/Stacey-Jones-Executive-Director.png 200w, https:\/\/hospiceyukon.net\/wp-content\/uploads\/2020\/11\/Stacey-Jones-Executive-Director-150x150.png 150w\" sizes=\"auto, (max-width: 200px) 100vw, 200px\" \/><\/div>\n\t\t<\/figure>\n\t<\/div>\n<div  class=\"vc_wp_text wpb_content_element\"><div class=\"widget widget_text\">\t\t\t<div class=\"textwidget\"><\/p>\n<p style=\"text-align: center;\"><strong>Stacey Jones<br \/>\n<\/strong>Directrice g\u00e9n\u00e9rale<\/p>\n<\/div>\n\t\t<\/div><\/div><\/div><\/div><\/div><\/div><div class=\"vc_row wpb_row vc_row-fluid vc_custom_1614301731939 vc_row-o-equal-height vc_row-o-content-top vc_row-flex\"><div class=\"wpb_column vc_column_container vc_col-sm-2\"><div class=\"vc_column-inner\"><div class=\"wpb_wrapper\">\n\t<div class=\"wpb_single_image wpb_content_element vc_align_center\">\n\t\t\n\t\t<figure class=\"wpb_wrapper vc_figure\">\n\t\t\t<div class=\"vc_single_image-wrapper vc_box_circle  vc_box_border_grey\"><img decoding=\"async\" class=\"vc_single_image-img\" src=\"https:\/\/hospiceyukon.net\/wp-content\/uploads\/2025\/10\/20240805_2144561-1262x1262.jpg\" width=\"1262\" height=\"1262\" alt=\"20240805_214456(1)\" title=\"20240805_214456(1)\" loading=\"lazy\" \/><\/div>\n\t\t<\/figure>\n\t<\/div>\n<div  class=\"vc_wp_text wpb_content_element\"><div class=\"widget widget_text\">\t\t\t<div class=\"textwidget\"><\/p>\n<p style=\"text-align: center;\"><strong>Jennifer Eakins<br \/>\n<\/strong>Outreach Facilitator<\/p>\n<p>\n<\/div>\n\t\t<\/div><\/div><\/div><\/div><\/div><div class=\"wpb_column vc_column_container vc_col-sm-2\"><div class=\"vc_column-inner\"><div class=\"wpb_wrapper\">\n\t<div class=\"wpb_single_image wpb_content_element vc_align_center\">\n\t\t\n\t\t<figure class=\"wpb_wrapper vc_figure\">\n\t\t\t<div class=\"vc_single_image-wrapper vc_box_circle  vc_box_border_grey\"><img decoding=\"async\" class=\"vc_single_image-img\" src=\"https:\/\/hospiceyukon.net\/wp-content\/uploads\/2025\/11\/Zara-K-headshot-2360x2360.jpeg\" width=\"2360\" height=\"2360\" alt=\"Zara K headshot\" title=\"Zara K headshot\" loading=\"lazy\" \/><\/div>\n\t\t<\/figure>\n\t<\/div>\n<div  class=\"vc_wp_text wpb_content_element\"><div class=\"widget widget_text\">\t\t\t<div class=\"textwidget\"><\/p>\n<p style=\"text-align: center;\"><strong>Zara Kazemi<br \/>\n<\/strong>Conseill\u00e8re<\/p>\n<p>\n<\/div>\n\t\t<\/div><\/div><\/div><\/div><\/div><div class=\"wpb_column vc_column_container vc_col-sm-2\"><div class=\"vc_column-inner\"><div class=\"wpb_wrapper\">\n\t<div class=\"wpb_single_image wpb_content_element vc_align_center\">\n\t\t\n\t\t<figure class=\"wpb_wrapper vc_figure\">\n\t\t\t<div class=\"vc_single_image-wrapper vc_box_circle  vc_box_border_grey\"><img decoding=\"async\" class=\"vc_single_image-img\" src=\"https:\/\/hospiceyukon.net\/wp-content\/uploads\/2025\/10\/0d9ebdb2-7681-4693-ae86-e1cfd30f4682-1483x1483.jpg\" width=\"1483\" height=\"1483\" alt=\"0d9ebdb2-7681-4693-ae86-e1cfd30f4682\" title=\"0d9ebdb2-7681-4693-ae86-e1cfd30f4682\" loading=\"lazy\" \/><\/div>\n\t\t<\/figure>\n\t<\/div>\n<div  class=\"vc_wp_text wpb_content_element\"><div class=\"widget widget_text\">\t\t\t<div class=\"textwidget\"><\/p>\n<p style=\"text-align: center;\"><strong>Heather Finton<br \/>\n<\/strong>Coordonnatrice des communications<\/p>\n<\/div>\n\t\t<\/div><\/div><\/div><\/div><\/div><div class=\"wpb_column vc_column_container vc_col-sm-2\"><div class=\"vc_column-inner\"><div class=\"wpb_wrapper\">\n\t<div class=\"wpb_single_image wpb_content_element vc_align_center\">\n\t\t\n\t\t<figure class=\"wpb_wrapper vc_figure\">\n\t\t\t<div class=\"vc_single_image-wrapper vc_box_circle  vc_box_border_grey\"><img loading=\"lazy\" decoding=\"async\" width=\"200\" height=\"200\" src=\"https:\/\/hospiceyukon.net\/wp-content\/uploads\/2020\/11\/Deb-Higgins-Communications-Coordinator.png\" class=\"vc_single_image-img attachment-full\" alt=\"Deb Higgins Communications Coordinator\" title=\"Deb Higgins Communications Coordinator\" srcset=\"https:\/\/hospiceyukon.net\/wp-content\/uploads\/2020\/11\/Deb-Higgins-Communications-Coordinator.png 200w, https:\/\/hospiceyukon.net\/wp-content\/uploads\/2020\/11\/Deb-Higgins-Communications-Coordinator-150x150.png 150w\" sizes=\"auto, (max-width: 200px) 100vw, 200px\" \/><\/div>\n\t\t<\/figure>\n\t<\/div>\n<div  class=\"vc_wp_text wpb_content_element\"><div class=\"widget widget_text\">\t\t\t<div class=\"textwidget\"><\/p>\n<p style=\"text-align: center;\"><strong>Deb Higgins<br \/>\n<\/strong>Program Coordinator<\/p>\n<\/div>\n\t\t<\/div><\/div><\/div><\/div><\/div><div class=\"wpb_column vc_column_container vc_col-sm-2\"><div class=\"vc_column-inner\"><div class=\"wpb_wrapper\">\n\t<div class=\"wpb_single_image wpb_content_element vc_align_center\">\n\t\t\n\t\t<figure class=\"wpb_wrapper vc_figure\">\n\t\t\t<div class=\"vc_single_image-wrapper vc_box_circle  vc_box_border_grey\"><img loading=\"lazy\" decoding=\"async\" width=\"200\" height=\"200\" src=\"https:\/\/hospiceyukon.net\/wp-content\/uploads\/2020\/11\/Carlie-Graef-Program-Manager2.png\" class=\"vc_single_image-img attachment-full\" alt=\"Carlie Graef Program Manager\" title=\"Carlie Graef Program Manager2\" srcset=\"https:\/\/hospiceyukon.net\/wp-content\/uploads\/2020\/11\/Carlie-Graef-Program-Manager2.png 200w, https:\/\/hospiceyukon.net\/wp-content\/uploads\/2020\/11\/Carlie-Graef-Program-Manager2-150x150.png 150w\" sizes=\"auto, (max-width: 200px) 100vw, 200px\" \/><\/div>\n\t\t<\/figure>\n\t<\/div>\n<div  class=\"vc_wp_text wpb_content_element\"><div class=\"widget widget_text\">\t\t\t<div class=\"textwidget\"><\/p>\n<p style=\"text-align: center;\"><strong>Carlie Graef<br \/>\n<\/strong>Gestionnaire des programmes<\/p>\n<\/div>\n\t\t<\/div><\/div><\/div><\/div><\/div><div class=\"wpb_column vc_column_container vc_col-sm-2\"><div class=\"vc_column-inner\"><div class=\"wpb_wrapper\">\n\t<div class=\"wpb_single_image wpb_content_element vc_align_center\">\n\t\t\n\t\t<figure class=\"wpb_wrapper vc_figure\">\n\t\t\t<div class=\"vc_single_image-wrapper vc_box_circle  vc_box_border_grey\"><img decoding=\"async\" class=\"vc_single_image-img\" src=\"https:\/\/hospiceyukon.net\/wp-content\/uploads\/2025\/06\/Rita-Leveille-Admin-Assistant-1-1109x1109.jpg\" width=\"1109\" height=\"1109\" alt=\"Rita Leveille Admin Assistant\" title=\"Rita Leveille Admin Assistant\" loading=\"lazy\" \/><\/div>\n\t\t<\/figure>\n\t<\/div>\n<div  class=\"vc_wp_text wpb_content_element\"><div class=\"widget widget_text\">\t\t\t<div class=\"textwidget\"><\/p>\n<p style=\"text-align: center;\"><strong>Rita Leveille<br \/>\n<\/strong>Adjointe administrative<\/p>\n<p>\n<\/div>\n\t\t<\/div><\/div><\/div><\/div><\/div><\/div>\n<\/div>","protected":false},"excerpt":{"rendered":"Hospice Yukon Society has been supporting Yukoners through grief and end-of-life since 1989. We provide programs\u00a0and services\u00a0to help you to better understand the profound journey of living, dying and grieving. And we help you to better support yourself and others. Our dedicated team of staff and volunteers offer support to dying and grieving clients at [...]","protected":false},"author":3,"featured_media":0,"parent":0,"menu_order":0,"comment_status":"closed","ping_status":"closed","template":"","meta":{"footnotes":""},"class_list":["post-14","page","type-page","status-publish","hentry"],"_links":{"self":[{"href":"https:\/\/hospiceyukon.net\/fr\/wp-json\/wp\/v2\/pages\/14","targetHints":{"allow":["GET"]}}],"collection":[{"href":"https:\/\/hospiceyukon.net\/fr\/wp-json\/wp\/v2\/pages"}],"about":[{"href":"https:\/\/hospiceyukon.net\/fr\/wp-json\/wp\/v2\/types\/page"}],"author":[{"embeddable":true,"href":"https:\/\/hospiceyukon.net\/fr\/wp-json\/wp\/v2\/users\/3"}],"replies":[{"embeddable":true,"href":"https:\/\/hospiceyukon.net\/fr\/wp-json\/wp\/v2\/comments?post=14"}],"version-history":[{"count":223,"href":"https:\/\/hospiceyukon.net\/fr\/wp-json\/wp\/v2\/pages\/14\/revisions"}],"predecessor-version":[{"id":2490,"href":"https:\/\/hospiceyukon.net\/fr\/wp-json\/wp\/v2\/pages\/14\/revisions\/2490"}],"wp:attachment":[{"href":"https:\/\/hospiceyukon.net\/fr\/wp-json\/wp\/v2\/media?parent=14"}],"curies":[{"name":"wp","href":"https:\/\/api.w.org\/{rel}","templated":true}]}}