{"id":1280,"date":"2021-01-30T00:03:37","date_gmt":"2021-01-30T00:03:37","guid":{"rendered":"https:\/\/hospiceyukon.net\/site2\/?page_id=1280"},"modified":"2024-02-05T21:11:01","modified_gmt":"2024-02-05T21:11:01","slug":"feelie-hearts","status":"publish","type":"page","link":"https:\/\/hospiceyukon.net\/fr\/services\/feelie-hearts\/","title":{"rendered":"Coeurs Douceur <i>(Feelie Hearts)<\/i>"},"content":{"rendered":"<div class=\"wpb-content-wrapper\"><div class=\"vc_row wpb_row vc_row-fluid vc_custom_1611965953514\"><div class=\"wpb_column vc_column_container vc_col-sm-6\"><div class=\"vc_column-inner vc_custom_1611965850650\"><div class=\"wpb_wrapper\"><div\n\t\t\t\n\t\t\tclass=\"so-widget-sow-image so-widget-sow-image-default-c67d20f9f743\"\n\t\t\t\n\t\t>\n<div class=\"sow-image-container\">\n\t\t<img \n\tsrc=\"https:\/\/hospiceyukon.net\/wp-content\/uploads\/2021\/01\/suzanne-with-feelie-hearts.jpg\" width=\"677\" height=\"903\" srcset=\"https:\/\/hospiceyukon.net\/wp-content\/uploads\/2021\/01\/suzanne-with-feelie-hearts.jpg 677w, https:\/\/hospiceyukon.net\/wp-content\/uploads\/2021\/01\/suzanne-with-feelie-hearts-225x300.jpg 225w, https:\/\/hospiceyukon.net\/wp-content\/uploads\/2021\/01\/suzanne-with-feelie-hearts-9x12.jpg 9w, https:\/\/hospiceyukon.net\/wp-content\/uploads\/2021\/01\/suzanne-with-feelie-hearts-600x800.jpg 600w\" sizes=\"(max-width: 677px) 100vw, 677px\" title=\"suzanne with feelie hearts\" alt=\"suzanne with feelie hearts\" \t\tclass=\"so-widget-image\"\/>\n\t<\/div>\n\n<\/div><\/div><\/div><\/div><div class=\"wpb_column vc_column_container vc_col-sm-6\"><div class=\"vc_column-inner vc_custom_1611965442644\"><div class=\"wpb_wrapper\"><div\n\t\t\t\n\t\t\tclass=\"so-widget-sow-editor so-widget-sow-editor-base\"\n\t\t\t\n\t\t>\n<div class=\"siteorigin-widget-tinymce textwidget\">\n\t<h4 id=\"pgc-1008-0-0\" class=\"panel-grid-cell\" data-weight=\"0.30296610169492\">Coeurs Douceur <i>(Feelie Hearts)<\/i><\/h4>\n<div id=\"pgc-1008-0-1\" class=\"panel-grid-cell\" data-weight=\"0.69703389830508\">\n<div id=\"panel-1008-0-1-1\" class=\"so-panel widget widget_sow-editor panel-last-child\" data-index=\"2\" data-style=\"{&quot;padding&quot;:&quot;30px 30px 30px 30px&quot;,&quot;background_image_attachment&quot;:false,&quot;background_display&quot;:&quot;tile&quot;}\">\n<div class=\"panel-widget-style panel-widget-style-for-1008-0-1-1\">\n<div class=\"so-widget-sow-editor so-widget-sow-editor-base\">\n<div class=\"siteorigin-widget-tinymce textwidget\">\n<div class=\"page\" title=\"Page 1\">\n<div class=\"layoutArea\">\n<div class=\"column\">\n<p><span style=\"font-weight: 400;\">La tradition des c\u0153urs-douceurs ou <i>Feelie Hearts<\/i> est n\u00e9e suite \u00e0 un diagnostic de cancer donn\u00e9 \u00e0 un patient par une professionnelle de la sant\u00e9, dont le c\u0153ur \u00e9tait bris\u00e9 par l\u2019id\u00e9e de cette annonce \u00e0 la famille.\u00a0\u00a0<\/span><\/p>\n<p><span style=\"font-weight: 400;\"><img loading=\"lazy\" decoding=\"async\" class=\"size-medium wp-image-1282 alignleft\" src=\"https:\/\/hospiceyukon.net\/site2\/wp-content\/uploads\/2021\/01\/Feelie-Heart-Wall-Hanging-e1611965269475-300x193.jpg\" alt=\"\" width=\"300\" height=\"193\" srcset=\"https:\/\/hospiceyukon.net\/wp-content\/uploads\/2021\/01\/Feelie-Heart-Wall-Hanging-e1611965269475-300x193.jpg 300w, https:\/\/hospiceyukon.net\/wp-content\/uploads\/2021\/01\/Feelie-Heart-Wall-Hanging-e1611965269475-768x493.jpg 768w, https:\/\/hospiceyukon.net\/wp-content\/uploads\/2021\/01\/Feelie-Heart-Wall-Hanging-e1611965269475-16x10.jpg 16w, https:\/\/hospiceyukon.net\/wp-content\/uploads\/2021\/01\/Feelie-Heart-Wall-Hanging-e1611965269475.jpg 839w\" sizes=\"auto, (max-width: 300px) 100vw, 300px\" \/>Or, un des enfants, a sorti un c\u0153ur, fait de tissu, qu\u2019elle trainait dans sa poche pour se donner du courage et qu\u2019elle a offert g\u00e9n\u00e9reusement \u00e0 la soignante. Ainsi est n\u00e9 le premier \u00e9change de ces petits c\u0153urs-douceurs entre soignants et proches aidants, entre membres de la famille et tous ceux et celles qui en ont besoin.\u00a0<\/span><\/p>\n<p><span style=\"font-weight: 400;\">Les c\u0153urs douceurs sont si petits qu\u2019ils trouvent une place pour se cacher, pour vous rappeler une personne ch\u00e8re, ou pour vous donner du courage dans les moments difficiles.\u00a0\u00a0<\/span><\/p>\n<p><span style=\"font-weight: 400;\">Ils sont l\u00e0 pour nous rappeler notre humanit\u00e9, notre capacit\u00e9 d\u2019empathie et aussi pour se rappeler que notre c\u0153ur a besoin qu\u2019on prenne soins de lui (de nous) aussi.\u00a0\u00a0<\/span><\/p>\n<p><span style=\"font-weight: 400;\">Depuis, la tradition des c\u0153urs-douceurs s\u2019est r\u00e9pandue \u00e0 travers le monde dans les milieux de soins palliatifs, les regroupements de soutien au deuil comme Hospice Yukon et tous leurs partenaires.\u00a0\u00a0\u00a0\u00a0\u00a0\u00a0\u00a0\u00a0\u00a0\u00a0\u00a0\u00a0\u00a0\u00a0\u00a0\u00a0\u00a0\u00a0\u00a0\u00a0\u00a0\u00a0\u00a0\u00a0\u00a0\u00a0\u00a0\u00a0\u00a0\u00a0\u00a0\u00a0\u00a0\u00a0\u00a0\u00a0\u00a0\u00a0\u00a0\u00a0\u00a0\u00a0<\/span><\/p>\n<p><span style=\"font-weight: 400;\">Des milliers de b\u00e9n\u00e9voles fabriquent chaque ann\u00e9e des c\u0153urs-douceurs pour comm\u00e9morer des \u00eatres chers ou simplement par solidarit\u00e9 pour les familles et individus touch\u00e9s par les pertes.<\/span><\/p>\n<p><span style=\"font-weight: 400;\">We are also always looking for Volunteers to sew Feelie Hearts to keep our stash full. If you are interested in doing this, please get in touch using the contact info below<\/span><span style=\"font-weight: 400;\">.<\/span><\/p>\n<p>You can sew Feelie Hearts in any soft materials. Here's a <a href=\"https:\/\/hospiceyukon.net\/wp-content\/uploads\/2022\/11\/Best-Feelie-Heart-Template.pdf\">template<\/a> for a preferred size.<\/p>\n<p>You can read a <a href=\"https:\/\/hospiceyukon.net\/wp-content\/uploads\/2024\/01\/Dr-Remen-Feelie-Heart-story.pdf\">story<\/a>\u00a0about the origin of Feelie Hearts.<\/p>\n<\/div>\n<\/div>\n<\/div>\n<\/div>\n<\/div>\n<\/div>\n<\/div>\n<\/div>\n<\/div>\n<\/div><\/div><\/div><\/div><\/div><div class=\"vc_row wpb_row vc_row-fluid\"><div class=\"wpb_column vc_column_container vc_col-sm-6\"><div class=\"vc_column-inner\"><div class=\"wpb_wrapper\"><\/div><\/div><\/div><div class=\"wpb_column vc_column_container vc_col-sm-6\"><div class=\"vc_column-inner\"><div class=\"wpb_wrapper\"><\/div><\/div><\/div><\/div>\n<\/div>","protected":false},"excerpt":{"rendered":"Feelie Hearts \u2018Feelie hearts\u2019 are small stuffed hearts perfect for tucking into a pocket or purse. They bring comfort and are a tangible reminder to hold our heart tenderly.\u00a0\u00a0 Feelie Hearts were first made by volunteers at an organization that supports children whose lives have been touched by loss. The little soft hearts were a [...]","protected":false},"author":3,"featured_media":0,"parent":43,"menu_order":0,"comment_status":"closed","ping_status":"closed","template":"","meta":{"footnotes":""},"class_list":["post-1280","page","type-page","status-publish","hentry"],"_links":{"self":[{"href":"https:\/\/hospiceyukon.net\/fr\/wp-json\/wp\/v2\/pages\/1280","targetHints":{"allow":["GET"]}}],"collection":[{"href":"https:\/\/hospiceyukon.net\/fr\/wp-json\/wp\/v2\/pages"}],"about":[{"href":"https:\/\/hospiceyukon.net\/fr\/wp-json\/wp\/v2\/types\/page"}],"author":[{"embeddable":true,"href":"https:\/\/hospiceyukon.net\/fr\/wp-json\/wp\/v2\/users\/3"}],"replies":[{"embeddable":true,"href":"https:\/\/hospiceyukon.net\/fr\/wp-json\/wp\/v2\/comments?post=1280"}],"version-history":[{"count":25,"href":"https:\/\/hospiceyukon.net\/fr\/wp-json\/wp\/v2\/pages\/1280\/revisions"}],"predecessor-version":[{"id":2709,"href":"https:\/\/hospiceyukon.net\/fr\/wp-json\/wp\/v2\/pages\/1280\/revisions\/2709"}],"up":[{"embeddable":true,"href":"https:\/\/hospiceyukon.net\/fr\/wp-json\/wp\/v2\/pages\/43"}],"wp:attachment":[{"href":"https:\/\/hospiceyukon.net\/fr\/wp-json\/wp\/v2\/media?parent=1280"}],"curies":[{"name":"wp","href":"https:\/\/api.w.org\/{rel}","templated":true}]}}