{"id":1265,"date":"2021-01-29T23:46:11","date_gmt":"2021-01-29T23:46:11","guid":{"rendered":"https:\/\/hospiceyukon.net\/site2\/?page_id=1265"},"modified":"2024-08-08T17:32:37","modified_gmt":"2024-08-08T17:32:37","slug":"resources","status":"publish","type":"page","link":"https:\/\/hospiceyukon.net\/fr\/reading-room\/resources\/","title":{"rendered":"Ressources"},"content":{"rendered":"<div class=\"wpb-content-wrapper\"><div class=\"vc_row wpb_row vc_row-fluid vc_custom_1613415452402\"><div class=\"wpb_column vc_column_container vc_col-sm-6\"><div class=\"vc_column-inner vc_custom_1611854474539\"><div class=\"wpb_wrapper\"><div\n\t\t\t\n\t\t\tclass=\"so-widget-sow-image so-widget-sow-image-default-8b5b6f678277\"\n\t\t\t\n\t\t>\n<div class=\"sow-image-container\">\n\t\t<img \n\tsrc=\"https:\/\/hospiceyukon.net\/wp-content\/uploads\/2021\/02\/strawberries.jpg\" width=\"1000\" height=\"1778\" srcset=\"https:\/\/hospiceyukon.net\/wp-content\/uploads\/2021\/02\/strawberries.jpg 1000w, https:\/\/hospiceyukon.net\/wp-content\/uploads\/2021\/02\/strawberries-169x300.jpg 169w, https:\/\/hospiceyukon.net\/wp-content\/uploads\/2021\/02\/strawberries-576x1024.jpg 576w, https:\/\/hospiceyukon.net\/wp-content\/uploads\/2021\/02\/strawberries-768x1366.jpg 768w, https:\/\/hospiceyukon.net\/wp-content\/uploads\/2021\/02\/strawberries-864x1536.jpg 864w, https:\/\/hospiceyukon.net\/wp-content\/uploads\/2021\/02\/strawberries-7x12.jpg 7w\" sizes=\"(max-width: 1000px) 100vw, 1000px\" alt=\"strawberries\" \t\tclass=\"so-widget-image\"\/>\n\t<\/div>\n\n<\/div><\/div><\/div><\/div><div class=\"wpb_column vc_column_container vc_col-sm-6\"><div class=\"vc_column-inner vc_custom_1613415486094\"><div class=\"wpb_wrapper\"><div\n\t\t\t\n\t\t\tclass=\"so-widget-sow-editor so-widget-sow-editor-base\"\n\t\t\t\n\t\t>\n<div class=\"siteorigin-widget-tinymce textwidget\">\n\t<div id=\"pgc-110-1-0\" class=\"panel-grid-cell\">\n<div id=\"panel-110-1-0-0\" class=\"so-panel widget widget_sow-editor panel-first-child panel-last-child\" data-index=\"1\">\n<div class=\"panel-widget-style panel-widget-style-for-110-1-0-0\">\n<div class=\"so-widget-sow-editor so-widget-sow-editor-base\">\n<div class=\"wp-block-siteorigin-panels-layout-block\">\n<div id=\"pl-113\" class=\"panel-layout\">\n<div id=\"pg-113-0\" class=\"panel-grid panel-has-style\">\n<div class=\"siteorigin-panels-stretch panel-row-style panel-row-style-for-113-0\" data-stretch-type=\"full\">\n<div id=\"pgc-113-0-0\" class=\"panel-grid-cell\">\n<div id=\"panel-113-0-0-1\" class=\"so-panel widget widget_sow-editor panel-last-child\" data-index=\"1\">\n<div class=\"so-widget-sow-editor so-widget-sow-editor-base\">\n<div class=\"siteorigin-widget-tinymce textwidget\">\n<h4>\u00a0<\/h4>\n<h4>Ressources<\/h4>\n<h5><span style=\"font-weight: 400;\"><strong>Perte et deuil<\/strong><\/span><\/h5>\n<p><span style=\"font-weight: 400;\">Le deuil est l'une de nos exp\u00e9riences les plus difficiles. Ce n'est pas facile, mais c'est une r\u00e9ponse naturelle \u00e0 la perte et une partie normale de la vie. En faisant face \u00e0 notre deuil, nous gu\u00e9rissons, nous grandissons et trouvons de l'inspiration pour l'avenir. Les ressources propos\u00e9es ici vous aideront \u00e0 mieux comprendre ce parcours et vous soutiendront dans votre d\u00e9marche.<\/span><\/p>\n<ul>\n<li><a href=\"https:\/\/hospiceyukon.net\/wp-content\/uploads\/2022\/07\/Loss-and-Grief.pdf\">Perte et deuil<\/a> (pdf)<\/li>\n<li><a href=\"https:\/\/hospiceyukon.net\/wp-content\/uploads\/2022\/07\/Kids-Grief.pdf\">Deuil des enfants<\/a> (pdf)<\/li>\n<li><a href=\"https:\/\/hospiceyukon.net\/wp-content\/uploads\/2022\/07\/Pet-Loss.pdf\">Perte d'un animal de compagnie<\/a> (pdf)<\/li>\n<li><a href=\"https:\/\/hospiceyukon.net\/wp-content\/uploads\/2024\/08\/The-Grieving-Wheel.pdf\">Grieving Wheel<\/a> (pdf)<\/li>\n<\/ul>\n<h5><strong>Perte au travail<\/strong><\/h5>\n<p><span style=\"font-weight: 400;\">Le deuil est complexe et affecte toutes les parties de nous-m\u00eames - \u00e9motionnellement, physiquement, mentalement, socialement et spirituellement. Comme nous vivons le deuil dans tout notre \u00eatre, il n'est pas possible d'y pr\u00eater attention uniquement en dehors de nos heures de travail.  Un lieu de travail sain est un lieu o\u00f9 le deuil peut \u00eatre reconnu et soutenu de mani\u00e8re qu'il trouve un \u00e9cho chez chaque personne. Les outils utilis\u00e9s ici visent \u00e0 aider les lieux de travail \u00e0 cr\u00e9er des politiques appropri\u00e9es qui soutiendront le personnel pendant les p\u00e9riodes de deuil.<\/span><\/p>\n<ul>\n<li><a href=\"https:\/\/hospiceyukon.net\/wp-content\/uploads\/2022\/07\/Workplace-Loss.pdf\">Perte au travail<\/a> (pdf)<\/li>\n<\/ul>\n<h5><b>La mort et le processus de la mort<\/b><\/h5>\n<p><span style=\"font-weight: 400;\">Chaque instant est pr\u00e9cieux lorsque la mort est proche. La philosophie des soins palliatifs est d'aider les personnes atteintes d'une maladie grave \u00e0 bien vivre jusqu'\u00e0 leur mort. L'accent est mis sur le confort et le respect de la personne qui approche de la mort et sur l'optimisation de la qualit\u00e9 de vie pour elle, sa famille et ses proches. Les ressources disponibles ici vous aideront \u00e0 naviguer cette p\u00e9riode et \u00e0 offrir un soutien \u00e0 une personne mourante. <\/span><\/p>\n<ul>\n<li><a href=\"https:\/\/hospiceyukon.net\/wp-content\/uploads\/2022\/07\/Living-with-a-Life-Limiting-Illness.pdf\">La mort et le processus de la mort<\/a> (pdf)<\/li>\n<\/ul>\n<h5><span style=\"font-weight: 400;\"><strong>Soutenir les autres<\/strong><\/span><\/h5>\n<p><span style=\"font-weight: 400;\">Il n'est pas facile de soutenir quelqu'un qui est en deuil. Souvent, nous voulons faire dispara\u00eetre leur douleur - pour r\u00e9parer ce qui ne peut l'\u00eatre. Ou bien leur perte d\u00e9clenche notre propre deuil non gu\u00e9ri. Nous ne savons pas quoi dire, alors nous restons \u00e0 l'\u00e9cart. Le simple fait d'\u00eatre l\u00e0 est la forme de soutien la plus authentique, notre pr\u00e9sence \u00e9tant la chose la plus pr\u00e9cieuse que nous ayons \u00e0 offrir. Ces articles vous aideront \u00e0 traverser une p\u00e9riode difficile et vous offriront des moyens de r\u00e9conforter et de soutenir votre famille, vos amis et votre communaut\u00e9.<\/span><\/p>\n<ul>\n<li><a href=\"https:\/\/hospiceyukon.net\/wp-content\/uploads\/2022\/07\/Supporting-Others.pdf\">Soutenir les autres<\/a> (pdf)<\/li>\n<\/ul>\n<h5><strong>Les autosoins<\/strong><\/h5>\n<p><span style=\"font-weight: 400;\">Les autosoins semblent si simple et pourtant la plupart d'entre nous ont besoin qu'on leur rappelle ce que cela signifie et comment le faire. La fa\u00e7on dont nous prenons soin de nous-m\u00eames - physiquement, mentalement, \u00e9motionnellement et spirituellement - est le facteur le plus important dans la fa\u00e7on dont nous relevons les d\u00e9fis de la maladie, de la mort, du deuil et du soutien des autres dans les moments difficiles.<\/span><\/p>\n<p><span style=\"font-weight: 400;\">Prendre soin de soi n'est ni \u00e9go\u00efste ni complaisant. Elle favorise une plus grande force et une plus grande r\u00e9silience et nous permet d'offrir le meilleur de nous-m\u00eames et de ceux que nous aimons et soutenons. Ces ressources contient certains de nos articles pr\u00e9f\u00e9r\u00e9s sur les soins personnels.<\/span><\/p>\n<ul>\n<li><a href=\"https:\/\/hospiceyukon.net\/wp-content\/uploads\/2022\/07\/Self-Care.pdf\">Les autosoins<\/a> (pdf)<\/li>\n<li><a href=\"https:\/\/hospiceyukon.net\/wp-content\/uploads\/2022\/07\/Wellness-Wheels-w-description.pdf\">Wellness Wheel<\/a> (pdf)<\/li>\n<\/ul>\n<\/div>\n<\/div>\n<\/div>\n<\/div>\n<\/div>\n<\/div>\n<\/div>\n<\/div>\n<h4><!-- \/wp:siteorigin-panels\/layout-block --><\/h4>\n<\/div>\n<\/div>\n<\/div>\n<\/div>\n<\/div>\n<\/div><\/div><\/div><\/div><\/div>\n<\/div>","protected":false},"excerpt":{"rendered":"\u00a0 Resources Loss and Grief Grieving is one of our most difficult experiences. It is not easy but it is a natural response to loss and a normal part of life. Meeting our grief, we heal, grow and find inspiration for the future. The resources offered here will help you to better understand this journey [...]","protected":false},"author":3,"featured_media":0,"parent":113,"menu_order":1,"comment_status":"closed","ping_status":"closed","template":"","meta":{"footnotes":""},"class_list":["post-1265","page","type-page","status-publish","hentry"],"_links":{"self":[{"href":"https:\/\/hospiceyukon.net\/fr\/wp-json\/wp\/v2\/pages\/1265","targetHints":{"allow":["GET"]}}],"collection":[{"href":"https:\/\/hospiceyukon.net\/fr\/wp-json\/wp\/v2\/pages"}],"about":[{"href":"https:\/\/hospiceyukon.net\/fr\/wp-json\/wp\/v2\/types\/page"}],"author":[{"embeddable":true,"href":"https:\/\/hospiceyukon.net\/fr\/wp-json\/wp\/v2\/users\/3"}],"replies":[{"embeddable":true,"href":"https:\/\/hospiceyukon.net\/fr\/wp-json\/wp\/v2\/comments?post=1265"}],"version-history":[{"count":27,"href":"https:\/\/hospiceyukon.net\/fr\/wp-json\/wp\/v2\/pages\/1265\/revisions"}],"predecessor-version":[{"id":2852,"href":"https:\/\/hospiceyukon.net\/fr\/wp-json\/wp\/v2\/pages\/1265\/revisions\/2852"}],"up":[{"embeddable":true,"href":"https:\/\/hospiceyukon.net\/fr\/wp-json\/wp\/v2\/pages\/113"}],"wp:attachment":[{"href":"https:\/\/hospiceyukon.net\/fr\/wp-json\/wp\/v2\/media?parent=1265"}],"curies":[{"name":"wp","href":"https:\/\/api.w.org\/{rel}","templated":true}]}}