{"id":1075,"date":"2021-01-21T19:17:50","date_gmt":"2021-01-21T19:17:50","guid":{"rendered":"https:\/\/hospiceyukon.net\/site2\/?page_id=1075"},"modified":"2021-02-22T22:26:27","modified_gmt":"2021-02-22T22:26:27","slug":"support-for-yukon-communities","status":"publish","type":"page","link":"https:\/\/hospiceyukon.net\/fr\/services\/support-for-yukon-communities\/","title":{"rendered":"Soutien aux communaut\u00e9s du Yukon"},"content":{"rendered":"<div class=\"wpb-content-wrapper\"><div data-vc-full-width=\"true\" data-vc-full-width-init=\"false\" class=\"vc_row wpb_row vc_row-fluid vc_row-o-content-middle vc_row-flex\"><div class=\"wpb_column vc_column_container vc_col-sm-12\"><div class=\"vc_column-inner vc_custom_1614028918147\"><div class=\"wpb_wrapper\">\n\t<div class=\"wpb_single_image wpb_content_element vc_align_left\">\n\t\t\n\t\t<figure class=\"wpb_wrapper vc_figure\">\n\t\t\t<div class=\"vc_single_image-wrapper   vc_box_border_grey\"><img loading=\"lazy\" decoding=\"async\" width=\"1110\" height=\"596\" src=\"https:\/\/hospiceyukon.net\/wp-content\/uploads\/2021\/02\/porcupine-river-e1612291861570.jpg\" class=\"vc_single_image-img attachment-full\" alt=\"Porcupine River\" title=\"Porcupine River\" srcset=\"https:\/\/hospiceyukon.net\/wp-content\/uploads\/2021\/02\/porcupine-river-e1612291861570.jpg 1110w, https:\/\/hospiceyukon.net\/wp-content\/uploads\/2021\/02\/porcupine-river-e1612291861570-300x161.jpg 300w, https:\/\/hospiceyukon.net\/wp-content\/uploads\/2021\/02\/porcupine-river-e1612291861570-1024x550.jpg 1024w, https:\/\/hospiceyukon.net\/wp-content\/uploads\/2021\/02\/porcupine-river-e1612291861570-768x412.jpg 768w, https:\/\/hospiceyukon.net\/wp-content\/uploads\/2021\/02\/porcupine-river-e1612291861570-16x9.jpg 16w\" sizes=\"auto, (max-width: 1110px) 100vw, 1110px\" \/><\/div>\n\t\t<\/figure>\n\t<\/div>\n<\/div><\/div><\/div><\/div><div class=\"vc_row-full-width vc_clearfix\"><\/div><div class=\"vc_row wpb_row vc_row-fluid vc_custom_1614029143533\"><div class=\"wpb_column vc_column_container vc_col-sm-12\"><div class=\"vc_column-inner\"><div class=\"wpb_wrapper\"><div\n\t\t\t\n\t\t\tclass=\"so-widget-sow-editor so-widget-sow-editor-base\"\n\t\t\t\n\t\t>\n<div class=\"siteorigin-widget-tinymce textwidget\">\n\t<div id=\"pgc-1064-0-0\" class=\"panel-grid-cell panel-grid-cell-empty\" data-weight=\"0.30296610169492\">\n<h4 id=\"pgc-1075-0-0\" class=\"panel-grid-cell panel-grid-cell-empty\" data-weight=\"0.30296610169492\">Soutien aux communaut\u00e9s du Yukon<\/h4>\n<div id=\"pgc-1075-0-1\" class=\"panel-grid-cell\" data-weight=\"0.69703389830508\">\n<div id=\"panel-1075-0-1-0\" class=\"so-panel widget widget_sow-editor panel-first-child panel-last-child\" data-index=\"0\" data-style=\"{&quot;padding&quot;:&quot;30px 30px 30px 30px&quot;,&quot;background_image_attachment&quot;:false,&quot;background_display&quot;:&quot;tile&quot;}\">\n<div class=\"panel-widget-style panel-widget-style-for-1075-0-1-0\">\n<div class=\"so-widget-sow-editor so-widget-sow-editor-base\">\n<div class=\"siteorigin-widget-tinymce textwidget\">\n<div class=\"page\" title=\"Page 1\">\n<div class=\"layoutArea\">\n<div class=\"column\">\n<p><span style=\"font-weight: 400;\">Nous nous effor\u00e7ons continuellement d'offrir davantage de services aux Yukonnais vivant \u00e0 l'ext\u00e9rieur de Whitehorse. Certains de nos services sont disponibles \u00e0 distance, tels que le soutien psychologique, certains groupes sur le deuil et le webinaire Vivre avec la perte. Les livres de notre biblioth\u00e8que et d'autres ressources peuvent \u00eatre envoy\u00e9s par courriel ou par la poste.\u00a0<\/span><\/p>\n<p><span style=\"font-weight: 400;\">Veuillez nous contacter par t\u00e9l\u00e9phone ou par courriel pour en savoir plus sur la fa\u00e7on dont nous pouvons vous aider dans les communaut\u00e9s rurales. Envoyez un courriel \u00e0 <\/span><a href=\"mailto:info@hospiceyukon.net\"><span style=\"font-weight: 400;\">info@hospiceyukon.net<\/span><\/a><span style=\"font-weight: 400;\">, ou t\u00e9l\u00e9phonez au 867-667-7429.<\/span><\/p>\n<\/div>\n<\/div>\n<\/div>\n<\/div>\n<\/div>\n<\/div>\n<\/div>\n<\/div>\n<\/div>\n<\/div>\n<\/div><\/div><\/div><\/div><\/div>\n<\/div>","protected":false},"excerpt":{"rendered":"Support for Yukon Communities We are continually striving to offer more services to Yukoners living outside of Whitehorse. Some of our services are available by distance, such as counselling, some grief groups, and Living with Loss by webinar. Books from our lending library and other resources can be emailed or mailed.\u00a0 Please get in touch [...]","protected":false},"author":3,"featured_media":0,"parent":43,"menu_order":0,"comment_status":"closed","ping_status":"closed","template":"","meta":{"footnotes":""},"class_list":["post-1075","page","type-page","status-publish","hentry"],"_links":{"self":[{"href":"https:\/\/hospiceyukon.net\/fr\/wp-json\/wp\/v2\/pages\/1075","targetHints":{"allow":["GET"]}}],"collection":[{"href":"https:\/\/hospiceyukon.net\/fr\/wp-json\/wp\/v2\/pages"}],"about":[{"href":"https:\/\/hospiceyukon.net\/fr\/wp-json\/wp\/v2\/types\/page"}],"author":[{"embeddable":true,"href":"https:\/\/hospiceyukon.net\/fr\/wp-json\/wp\/v2\/users\/3"}],"replies":[{"embeddable":true,"href":"https:\/\/hospiceyukon.net\/fr\/wp-json\/wp\/v2\/comments?post=1075"}],"version-history":[{"count":10,"href":"https:\/\/hospiceyukon.net\/fr\/wp-json\/wp\/v2\/pages\/1075\/revisions"}],"predecessor-version":[{"id":1627,"href":"https:\/\/hospiceyukon.net\/fr\/wp-json\/wp\/v2\/pages\/1075\/revisions\/1627"}],"up":[{"embeddable":true,"href":"https:\/\/hospiceyukon.net\/fr\/wp-json\/wp\/v2\/pages\/43"}],"wp:attachment":[{"href":"https:\/\/hospiceyukon.net\/fr\/wp-json\/wp\/v2\/media?parent=1075"}],"curies":[{"name":"wp","href":"https:\/\/api.w.org\/{rel}","templated":true}]}}