{"id":1064,"date":"2021-01-21T19:03:33","date_gmt":"2021-01-21T19:03:33","guid":{"rendered":"https:\/\/hospiceyukon.net\/site2\/?page_id=1064"},"modified":"2025-07-08T19:28:41","modified_gmt":"2025-07-08T19:28:41","slug":"professional-support","status":"publish","type":"page","link":"https:\/\/hospiceyukon.net\/fr\/services\/professional-support\/","title":{"rendered":"Soutien aux professionnels"},"content":{"rendered":"<div class=\"wpb-content-wrapper\"><div class=\"vc_row wpb_row vc_row-fluid vc_custom_1613416144195\"><div class=\"wpb_column vc_column_container vc_col-sm-12\"><div class=\"vc_column-inner\"><div class=\"wpb_wrapper\">\n\t<div class=\"wpb_single_image wpb_content_element vc_align_center  vc_custom_1752002357987\">\n\t\t\n\t\t<figure class=\"wpb_wrapper vc_figure\">\n\t\t\t<div class=\"vc_single_image-wrapper   vc_box_border_grey\"><img loading=\"lazy\" decoding=\"async\" width=\"1683\" height=\"1374\" src=\"https:\/\/hospiceyukon.net\/wp-content\/uploads\/2025\/07\/IMG_4906-scaled-e1752002884102.jpg\" class=\"vc_single_image-img attachment-full\" alt=\"\" title=\"IMG_4906\" srcset=\"https:\/\/hospiceyukon.net\/wp-content\/uploads\/2025\/07\/IMG_4906-scaled-e1752002884102.jpg 1683w, https:\/\/hospiceyukon.net\/wp-content\/uploads\/2025\/07\/IMG_4906-scaled-e1752002884102-300x245.jpg 300w, https:\/\/hospiceyukon.net\/wp-content\/uploads\/2025\/07\/IMG_4906-scaled-e1752002884102-1024x836.jpg 1024w, https:\/\/hospiceyukon.net\/wp-content\/uploads\/2025\/07\/IMG_4906-scaled-e1752002884102-768x627.jpg 768w, https:\/\/hospiceyukon.net\/wp-content\/uploads\/2025\/07\/IMG_4906-scaled-e1752002884102-1536x1254.jpg 1536w, https:\/\/hospiceyukon.net\/wp-content\/uploads\/2025\/07\/IMG_4906-scaled-e1752002884102-15x12.jpg 15w\" sizes=\"auto, (max-width: 1683px) 100vw, 1683px\" \/><\/div>\n\t\t<\/figure>\n\t<\/div>\n<div\n\t\t\t\n\t\t\tclass=\"so-widget-sow-editor so-widget-sow-editor-base\"\n\t\t\t\n\t\t>\n<div class=\"siteorigin-widget-tinymce textwidget\">\n\t<div id=\"pgc-1064-0-0\" class=\"panel-grid-cell panel-grid-cell-empty\" data-weight=\"0.30296610169492\">\u00a0<\/div>\n<div id=\"pgc-1064-0-1\" class=\"panel-grid-cell\" data-weight=\"0.69703389830508\">\n<div id=\"panel-1064-0-1-0\" class=\"so-panel widget widget_sow-editor panel-first-child panel-last-child\" data-index=\"0\" data-style=\"{&quot;padding&quot;:&quot;30px 30px 30px 30px&quot;,&quot;background_image_attachment&quot;:false,&quot;background_display&quot;:&quot;tile&quot;}\">\n<div class=\"panel-widget-style panel-widget-style-for-1064-0-1-0\">\n<div class=\"so-widget-sow-editor so-widget-sow-editor-base\">\n<div class=\"siteorigin-widget-tinymce textwidget\">\n<div class=\"page\" title=\"Page 1\">\n<div class=\"layoutArea\">\n<div class=\"column\">\n<h4>Soutien aux professionnels<\/h4>\n<p><span style=\"font-weight: 400;\">Nous offrons un soutien aux professionnels et aux aidants qui c\u00f4toient la mort et le deuil dans le cadre de leur travail.\u00a0<\/span><\/p>\n<p><span style=\"font-weight: 400;\">Pour obtenir de l\u2019information ou savoir comment b\u00e9n\u00e9ficier du service de soutien aux professionnels, veuillez nous contacter par t\u00e9l\u00e9phone (867-667-7429) ou par courriel <\/span><a href=\"mailto:info@hospiceyukon.net\"><span style=\"font-weight: 400;\">info@hospiceyukon.net<\/span><span style=\"font-weight: 400;\">\u00a0<\/span><\/a><\/p>\n<h5><strong>Ressources<\/strong><\/h5>\n<p><span style=\"font-weight: 400;\">Nous vous invitons \u00e0 venir \u00e0 Hospice et \u00e0 consulter notre <a href=\"https:\/\/hospiceyukon.net\/site2\/reading-room\/resources\/\">ressources.<\/a>Nous pouvons vous proposer un ensemble de ressources qui r\u00e9pondra \u00e0 vos besoins sp\u00e9cifiques.<\/span><\/p>\n<h5><strong>Soutien psychologique<\/strong><\/h5>\n<p><span style=\"font-weight: 400;\">Ceux qui travaillent dans les professions de soins peuvent \u00eatre submerg\u00e9s par des pertes multiples ou difficiles, ou trouver leurs propres probl\u00e8mes autour du d\u00e9clenchement de la perte. Il est utile d'en parler. Nous vous invitons \u00e0 prendre rendez-vous avec notre <a href=\"https:\/\/hospiceyukon.net\/site2\/services\/counselling\/\">conseill\u00e8re<\/a> Ensemble, vous pourrez explorer des strat\u00e9gies d'adaptation saines pour rendre votre travail plus satisfaisant et trouver un \u00e9quilibre viable.<\/span><\/p>\n<h5><span style=\"font-weight: 400;\"><strong>Toucher th\u00e9rapeutique <i>(Healing Touch)<\/i><\/strong><br \/><\/span><\/h5>\n<p><span style=\"font-weight: 400;\">Il est tellement important de prendre soin de soi pour le soignant ; nous ne pouvons pas nourrir les autres \u00e0 partir d'un puits sec. Le <a href=\"https:\/\/hospiceyukon.net\/site2\/services\/healing-touch\/\">Toucher th\u00e9rapeutique <i>(Healing Touch)<\/i><\/a> d\u00e9tend, restaure, revitalise - parfait pour ceux qui ont besoin de renouveler leurs ressources int\u00e9rieures.<\/span><\/p>\n<\/div>\n<\/div>\n<\/div>\n<\/div>\n<\/div>\n<\/div>\n<\/div>\n<\/div>\n<\/div>\n<\/div><\/div><\/div><\/div><\/div><div class=\"vc_row wpb_row vc_row-fluid vc_custom_1613416096102\"><div class=\"wpb_column vc_column_container vc_col-sm-12\"><div class=\"vc_column-inner vc_custom_1611606824255\"><div class=\"wpb_wrapper\"><\/div><\/div><\/div><\/div>\n<\/div>","protected":false},"excerpt":{"rendered":"\u00a0 Professional Support We offer support to professionals and caregivers who encounter death and grief through their role at work.\u00a0 To inquire about receiving any of our professional support services, get in touch by phone (867-667-7429) or email info@hospiceyukon.net\u00a0 Resources We invite you to come into Hospice and utilize our resources. We can put together [...]","protected":false},"author":3,"featured_media":0,"parent":43,"menu_order":0,"comment_status":"closed","ping_status":"closed","template":"","meta":{"footnotes":""},"class_list":["post-1064","page","type-page","status-publish","hentry"],"_links":{"self":[{"href":"https:\/\/hospiceyukon.net\/fr\/wp-json\/wp\/v2\/pages\/1064","targetHints":{"allow":["GET"]}}],"collection":[{"href":"https:\/\/hospiceyukon.net\/fr\/wp-json\/wp\/v2\/pages"}],"about":[{"href":"https:\/\/hospiceyukon.net\/fr\/wp-json\/wp\/v2\/types\/page"}],"author":[{"embeddable":true,"href":"https:\/\/hospiceyukon.net\/fr\/wp-json\/wp\/v2\/users\/3"}],"replies":[{"embeddable":true,"href":"https:\/\/hospiceyukon.net\/fr\/wp-json\/wp\/v2\/comments?post=1064"}],"version-history":[{"count":15,"href":"https:\/\/hospiceyukon.net\/fr\/wp-json\/wp\/v2\/pages\/1064\/revisions"}],"predecessor-version":[{"id":3061,"href":"https:\/\/hospiceyukon.net\/fr\/wp-json\/wp\/v2\/pages\/1064\/revisions\/3061"}],"up":[{"embeddable":true,"href":"https:\/\/hospiceyukon.net\/fr\/wp-json\/wp\/v2\/pages\/43"}],"wp:attachment":[{"href":"https:\/\/hospiceyukon.net\/fr\/wp-json\/wp\/v2\/media?parent=1064"}],"curies":[{"name":"wp","href":"https:\/\/api.w.org\/{rel}","templated":true}]}}