{"id":1053,"date":"2021-01-21T18:55:23","date_gmt":"2021-01-21T18:55:23","guid":{"rendered":"https:\/\/hospiceyukon.net\/site2\/?page_id=1053"},"modified":"2021-07-05T15:33:36","modified_gmt":"2021-07-05T15:33:36","slug":"palliative-support","status":"publish","type":"page","link":"https:\/\/hospiceyukon.net\/fr\/services\/palliative-support\/","title":{"rendered":"Soutien palliatif"},"content":{"rendered":"<div class=\"wpb-content-wrapper\"><div class=\"vc_row wpb_row vc_row-fluid\"><div class=\"wpb_column vc_column_container vc_col-sm-3\"><div class=\"vc_column-inner vc_custom_1611606824255\"><div class=\"wpb_wrapper\"><div class=\"testimonial-wrap wpb_content_element\" style=\"color:#373737\"><div class=\"testimonial\"><p class=\"quote\"><i><span style=\"font-weight: 400;\">\u00ab Lors des derni\u00e8res semaines de David  \u00e0 l'h\u00f4pital, il se mettait \u00e0 rayonner quand je lui demandais s'il aimait le toucher th\u00e9rapeutique.... - cela semblait l'aider \u00e0 trouver la paix, \u00e0 lui faciliter le travail de quitter son corps. Cela semblait lui apporter un grand r\u00e9confort, surtout vers la fin, lorsqu'il commen\u00e7ait \u00e0 paniquer \u00e0 l'id\u00e9e de \u00ab ne pas savoir comment mourir \u00bb. D'une certaine mani\u00e8re, ce processus doux et non invasif semblait le r\u00e9conforter \u00bb.<\/span><\/i><\/p><\/div><div class=\"testimonial-author\"><div class=\"testimonial-img\"><img decoding=\"async\" src=\"https:\/\/hospiceyukon.net\/wp-content\/uploads\/2020\/11\/heart_small.png\" alt=\"feel hearts\" \/><\/div><p>Allanna Wiebe<span>client du service de soutien psychologique<\/span><\/p><\/div><\/div><\/div><\/div><\/div><div class=\"wpb_column vc_column_container vc_col-sm-9\"><div class=\"vc_column-inner\"><div class=\"wpb_wrapper\"><div\n\t\t\t\n\t\t\tclass=\"so-widget-sow-image so-widget-sow-image-default-c67d20f9f743\"\n\t\t\t\n\t\t>\n<div class=\"sow-image-container\">\n\t\t<img \n\tsrc=\"https:\/\/hospiceyukon.net\/wp-content\/uploads\/2021\/01\/126492516_3842154539137089_5682076992461750999_o.jpg\" width=\"2016\" height=\"1134\" srcset=\"https:\/\/hospiceyukon.net\/wp-content\/uploads\/2021\/01\/126492516_3842154539137089_5682076992461750999_o.jpg 2016w, https:\/\/hospiceyukon.net\/wp-content\/uploads\/2021\/01\/126492516_3842154539137089_5682076992461750999_o-300x169.jpg 300w, https:\/\/hospiceyukon.net\/wp-content\/uploads\/2021\/01\/126492516_3842154539137089_5682076992461750999_o-1024x576.jpg 1024w, https:\/\/hospiceyukon.net\/wp-content\/uploads\/2021\/01\/126492516_3842154539137089_5682076992461750999_o-768x432.jpg 768w, https:\/\/hospiceyukon.net\/wp-content\/uploads\/2021\/01\/126492516_3842154539137089_5682076992461750999_o-1536x864.jpg 1536w, https:\/\/hospiceyukon.net\/wp-content\/uploads\/2021\/01\/126492516_3842154539137089_5682076992461750999_o-16x9.jpg 16w\" sizes=\"(max-width: 2016px) 100vw, 2016px\" alt=\"image of sculpture\" \t\tclass=\"so-widget-image\"\/>\n\t<\/div>\n\n<\/div><div\n\t\t\t\n\t\t\tclass=\"so-widget-sow-editor so-widget-sow-editor-base\"\n\t\t\t\n\t\t>\n<div class=\"siteorigin-widget-tinymce textwidget\">\n\t<h4>\u00a0<\/h4>\n<h4>Soutien palliatif<\/h4>\n<p>Contrairement \u00e0 de nombreux hospices au Canada, Hospice Yukon n'est pas un endroit o\u00f9 les gens passent leurs derniers jours - nous n'avons pas d'\u00e9tablissement avec des lits ou des soins infirmiers. Notre personnel et nos b\u00e9n\u00e9voles comp\u00e9tents et compatissants offrent leur soutien aux clients o\u00f9 qu'ils se trouvent : \u00e0 domicile, \u00e0 l\u2019h\u00f4pital et dans les \u00e9tablissements de soins de Whitehorse, et \u00e0 notre bureau du centre-ville.<\/p>\n<p>Nous offrons des soins aux personnes atteintes d'une maladie grave et \u00e0 leurs proches par le biais de soutien psychologique, du toucher th\u00e9rapeutique et de la veille.<\/p>\n<p>Pour obtenir de l\u2019information ou savoir comment b\u00e9n\u00e9ficier de l'un de nos services de soutien palliatif, veuillez nous contacter par t\u00e9l\u00e9phone (867-667-7429) ou par courriel \u00e0 <a href=\"mailto:info@hospiceyukon.net\">info@hospiceyukon.net\u00a0<\/a><\/p>\n<h5>Soutien psychologique<\/h5>\n<p>Si vous \u00eates atteint d'une maladie grave, une <a href=\"https:\/\/hospiceyukon.net\/site2\/services\/counselling\/\">conseill\u00e8re<\/a> peut \u00eatre tr\u00e8s utile pour vous aider \u00e0 identifier vos objectifs, vos espoirs et vos craintes, et vous aider \u00e0 vivre pleinement pendant le temps dont vous disposez. Le fait d'avoir quelqu'un \u00e0 qui parler en dehors de votre famille et de vos amis peut vous aider \u00e0 explorer les questions qui se posent en fin de vie.<\/p>\n<h5>Toucher th\u00e9rapeutique <i>(Healing Touch)<\/i><\/h5>\n<p><a href=\"https:\/\/hospiceyukon.net\/site2\/services\/healing-touch\/\">Toucher th\u00e9rapeutique <i>(Healing Touch)<\/i><\/a> est une th\u00e9rapie \u00e9nerg\u00e9tique relaxante qui favorise la sant\u00e9 physique, \u00e9motionnelle, mentale et spirituelle. En utilisant un toucher doux, il clarifie et \u00e9quilibre le syst\u00e8me \u00e9nerg\u00e9tique. Les personnes en fin de vie trouvent les s\u00e9ances utiles pour soulager la douleur, r\u00e9duire l'anxi\u00e9t\u00e9, am\u00e9liorer le sommeil et procurer un sentiment de paix et de calme.<\/p>\n<h5>Soutien \u00e0 la veille<\/h5>\n<p>Le soutien \u00e0 la veille consiste \u00e0 rester au chevet d'une personne pendant ses derniers jours ou semaines de vie. Ce service est propos\u00e9 dans les \u00e9tablissements de soins continus et \u00e0 l'h\u00f4pital comme soutien aux membres de la famille et aux amis, ou lorsque les proches ne peuvent \u00eatre pr\u00e9sents. Les b\u00e9n\u00e9voles form\u00e9s d\u2019Hospice se font un honneur d'offrir leur pr\u00e9sence de cette mani\u00e8re et sont \u00e0 l'aise avec le voyage de fin de vie et le processus de la mort.<\/p>\n<h5>Companioning<\/h5>\n<p>Companioning is available to palliative clients in any of Whitehorse&#x27;s Continuing Care Facilities, the Whitehorse General Hospital, and at Wind River House. Hospice Yukon volunteers offer a quiet comforting presence and gentle support to people as they near the end of their lives. Companioning is intended for the last months of a person&#x27;s life. The client may want Healing Touch one week, then a quiet presence the next week. Some visits may have tears, some may have laughter, or both. Some visits may have words and some may be quiet. A time may come when a person is no longer visibly responsive, but takes comfort in the kind and gentle presence of their Hospice Yukon Companion Volunteer.<\/p>\n<\/div>\n<\/div><\/div><\/div><\/div><\/div><div class=\"vc_row wpb_row vc_row-fluid vc_custom_1611610676602\"><div class=\"wpb_column vc_column_container vc_col-sm-3\"><div class=\"vc_column-inner\"><div class=\"wpb_wrapper\"><\/div><\/div><\/div><div class=\"wpb_column vc_column_container vc_col-sm-9\"><div class=\"vc_column-inner\"><div class=\"wpb_wrapper\"><\/div><\/div><\/div><\/div>\n<\/div>","protected":false},"excerpt":{"rendered":"\u201cWhen David was in his last weeks in the hospital - he would just beam when I asked him if he'd like Healing Touch\u2026.It seemed to help him find peace, to make the work of leaving his body easier for him. It seemed to bring him such great comfort especially near the end when he [...]","protected":false},"author":3,"featured_media":0,"parent":43,"menu_order":0,"comment_status":"closed","ping_status":"closed","template":"","meta":{"footnotes":""},"class_list":["post-1053","page","type-page","status-publish","hentry"],"_links":{"self":[{"href":"https:\/\/hospiceyukon.net\/fr\/wp-json\/wp\/v2\/pages\/1053","targetHints":{"allow":["GET"]}}],"collection":[{"href":"https:\/\/hospiceyukon.net\/fr\/wp-json\/wp\/v2\/pages"}],"about":[{"href":"https:\/\/hospiceyukon.net\/fr\/wp-json\/wp\/v2\/types\/page"}],"author":[{"embeddable":true,"href":"https:\/\/hospiceyukon.net\/fr\/wp-json\/wp\/v2\/users\/3"}],"replies":[{"embeddable":true,"href":"https:\/\/hospiceyukon.net\/fr\/wp-json\/wp\/v2\/comments?post=1053"}],"version-history":[{"count":21,"href":"https:\/\/hospiceyukon.net\/fr\/wp-json\/wp\/v2\/pages\/1053\/revisions"}],"predecessor-version":[{"id":2032,"href":"https:\/\/hospiceyukon.net\/fr\/wp-json\/wp\/v2\/pages\/1053\/revisions\/2032"}],"up":[{"embeddable":true,"href":"https:\/\/hospiceyukon.net\/fr\/wp-json\/wp\/v2\/pages\/43"}],"wp:attachment":[{"href":"https:\/\/hospiceyukon.net\/fr\/wp-json\/wp\/v2\/media?parent=1053"}],"curies":[{"name":"wp","href":"https:\/\/api.w.org\/{rel}","templated":true}]}}