{"id":1047,"date":"2021-01-21T18:47:36","date_gmt":"2021-01-21T18:47:36","guid":{"rendered":"https:\/\/hospiceyukon.net\/site2\/?page_id=1047"},"modified":"2025-07-25T17:53:54","modified_gmt":"2025-07-25T17:53:54","slug":"healing-touch","status":"publish","type":"page","link":"https:\/\/hospiceyukon.net\/fr\/services\/healing-touch\/","title":{"rendered":"Toucher th\u00e9rapeutique <i>(Healing Touch)<\/i>"},"content":{"rendered":"<div class=\"wpb-content-wrapper\"><div class=\"vc_row wpb_row vc_row-fluid\"><div class=\"wpb_column vc_column_container vc_col-sm-3\"><div class=\"vc_column-inner vc_custom_1611606824255\"><div class=\"wpb_wrapper\"><div class=\"testimonial-wrap wpb_content_element\" style=\"color:#373737\"><div class=\"testimonial\"><p class=\"quote\">\n<p><i><span style=\"font-weight: 400;\">\u00ab Le toucher th\u00e9rapeutique a cr\u00e9\u00e9 un endroit s\u00fbr pour ressentir et exprimer mes \u00e9motions. Je suis reconnaissante du soutien attentionn\u00e9, de l'\u00e9quilibre indispensable et de l'\u00e9nergie aimante que le toucher th\u00e9rapeutique m'apporte. \u00bb<\/span><\/i><\/p>\n<\/p><\/div><div class=\"testimonial-author\"><div class=\"testimonial-img\"><img decoding=\"async\" src=\"https:\/\/hospiceyukon.net\/wp-content\/uploads\/2020\/11\/heart_small.png\" alt=\"feel hearts\" \/><\/div><p>Carrie Anne Burgess<span>client du service de soutien psychologique<\/span><\/p><\/div><\/div><\/div><\/div><\/div><div class=\"wpb_column vc_column_container vc_col-sm-9\"><div class=\"vc_column-inner\"><div class=\"wpb_wrapper\">\n\t<div class=\"wpb_single_image wpb_content_element vc_align_right\">\n\t\t\n\t\t<figure class=\"wpb_wrapper vc_figure\">\n\t\t\t<div class=\"vc_single_image-wrapper   vc_box_border_grey\"><img loading=\"lazy\" decoding=\"async\" width=\"1200\" height=\"798\" src=\"https:\/\/hospiceyukon.net\/wp-content\/uploads\/2021\/02\/Healing-Touch-copy.jpg\" class=\"vc_single_image-img attachment-full\" alt=\"Healing Touch; photo: archbould.com\" title=\"Healing Touch copy\" srcset=\"https:\/\/hospiceyukon.net\/wp-content\/uploads\/2021\/02\/Healing-Touch-copy.jpg 1200w, https:\/\/hospiceyukon.net\/wp-content\/uploads\/2021\/02\/Healing-Touch-copy-300x200.jpg 300w, https:\/\/hospiceyukon.net\/wp-content\/uploads\/2021\/02\/Healing-Touch-copy-1024x681.jpg 1024w, https:\/\/hospiceyukon.net\/wp-content\/uploads\/2021\/02\/Healing-Touch-copy-768x511.jpg 768w, https:\/\/hospiceyukon.net\/wp-content\/uploads\/2021\/02\/Healing-Touch-copy-16x12.jpg 16w, https:\/\/hospiceyukon.net\/wp-content\/uploads\/2021\/02\/Healing-Touch-copy-272x182.jpg 272w\" sizes=\"auto, (max-width: 1200px) 100vw, 1200px\" \/><\/div>\n\t\t<\/figure>\n\t<\/div>\n<\/div><\/div><\/div><\/div><div class=\"vc_row wpb_row vc_row-fluid vc_custom_1613741991225\"><div class=\"wpb_column vc_column_container vc_col-sm-3\"><div class=\"vc_column-inner\"><div class=\"wpb_wrapper\"><div class=\"testimonial-wrap wpb_content_element\" style=\"color:#373737\"><div class=\"testimonial\"><p class=\"quote\"><i><span style=\"font-weight: 400;\">\u201cHealing Touch has helped me in my own healing journey, from trauma, from grief, from so many losses.\u201d<\/span><\/i><\/p>\n<div style=\"width: 720px;\" class=\"wp-video\"><video class=\"wp-video-shortcode\" id=\"video-1047-1\" width=\"720\" height=\"480\" preload=\"metadata\" controls=\"controls\"><source type=\"video\/mp4\" src=\"https:\/\/hospiceyukon.net\/wp-content\/uploads\/2025\/07\/Lorraine-Netro.mp4?_=1\" \/><a href=\"https:\/\/hospiceyukon.net\/wp-content\/uploads\/2025\/07\/Lorraine-Netro.mp4\">https:\/\/hospiceyukon.net\/wp-content\/uploads\/2025\/07\/Lorraine-Netro.mp4<\/a><\/video><\/div>\n<p><i><\/i><span style=\"font-weight: 400;\">Listen to Lorraine&#8217;s experience of Healing Touch.<\/span><\/p><\/div><div class=\"testimonial-author\"><div class=\"testimonial-img\"><img decoding=\"async\" src=\"https:\/\/hospiceyukon.net\/wp-content\/uploads\/2020\/11\/heart_small.png\" alt=\"feel hearts\" \/><\/div><p>Lorraine Netro<span>Vuntut Gwitchin Elder<\/span><\/p><\/div><\/div><\/div><\/div><\/div><div class=\"wpb_column vc_column_container vc_col-sm-9\"><div class=\"vc_column-inner\"><div class=\"wpb_wrapper\"><div\n\t\t\t\n\t\t\tclass=\"so-widget-sow-editor so-widget-sow-editor-base\"\n\t\t\t\n\t\t>\n<div class=\"siteorigin-widget-tinymce textwidget\">\n\t<h4>Toucher th\u00e9rapeutique <i>(Healing Touch)<\/i><\/h4>\n<p>Le toucher th\u00e9rapeutique est une th\u00e9rapie \u00e9nerg\u00e9tique relaxante qui favorise la sant\u00e9 physique, \u00e9motionnelle, mentale et spirituelle, en utilisant un toucher doux pour clarifier et \u00e9quilibrer votre syst\u00e8me \u00e9nerg\u00e9tique. Il est compl\u00e9mentaire aux soins m\u00e9dicaux traditionnels.<\/p>\n<p>Les s\u00e9ances de toucher th\u00e9rapeutique sont propos\u00e9es alors que le client est allong\u00e9, enti\u00e8rement v\u00eatu, sur une table de massage, un lit ou assis sur une chaise. Le personnel et les b\u00e9n\u00e9voles d\u2019Hospice form\u00e9s au toucher th\u00e9rapeutique placent leurs mains doucement sur le corps du client, ou \u00e0 quelques centim\u00e8tres au-dessus de celui-ci. Les s\u00e9ances peuvent avoir lieu \u00e0 la maison d\u2019Hospice, \u00e0 l'H\u00f4pital g\u00e9n\u00e9ral de Whitehorse, dans les \u00e9tablissements de soins continus ou \u00e0 domicile, et durent de 15 minutes \u00e0 une heure.<\/p>\n<p>Les rendez-vous de toucher th\u00e9rapeutique sont disponibles les lundis et mardis. Pour prendre un rendez-vous, veuillez nous contacter par t\u00e9l\u00e9phone (867-667-7429) ou par courriel <a href=\"mailto:info@hospiceyukon.net\">info@hospiceyukon.net<\/a><\/p>\n<p>Le toucher th\u00e9rapeutique d'Hospice Yukon est disponible pour :<\/p>\n<h5>Ceux qui sont en deuil<\/h5>\n<p>Lorsque nous pleurons la mort d'un \u00eatre cher, nous pouvons \u00e9prouver un sentiment d'anxi\u00e9t\u00e9, de brouillard, d\u2019insensibilit\u00e9 ou de douleur physique. Le toucher th\u00e9rapeutique peut nous aider \u00e0 nous d\u00e9tendre, se sentir ancr\u00e9 et davantage capable de faire face \u00e0 cette p\u00e9riode difficile.<\/p>\n<h5>Les personnes mourantes et leurs soignants<\/h5>\n<p>Le toucher th\u00e9rapeutique aide \u00e0 r\u00e9duire la douleur et l'anxi\u00e9t\u00e9. Il vise \u00e0 am\u00e9liorer la qualit\u00e9 de vie et \u00e0 offrir des soins r\u00e9confortants \u00e0 une personne qui approche de la fin de sa vie. Il aide \u00e9galement les soignants \u00e0 rester ancr\u00e9s et \u00e9quilibr\u00e9s tout en soutenant les autres.<\/p>\n<p>Le toucher th\u00e9rapeutique a \u00e9t\u00e9 fond\u00e9 en 1989 par Janet Mentgen, inf., et est une th\u00e9rapie reconnue internationalement utilis\u00e9e dans les h\u00f4pitaux, les hospices et les \u00e9tablissements de soins de sant\u00e9 du monde entier.<\/p>\n<p>\u00a0<\/p>\n<\/div>\n<\/div><\/div><\/div><\/div><\/div>\n<\/div>","protected":false},"excerpt":{"rendered":"\u201cHealing Touch has provided me with a safe place to feel and express my emotions. I am grateful for the caring support, much needed balance, and loving energy that Healing Touch provides me.\u201d Carrie Anne Burgesscounselling client \u201cHealing Touch has helped me in my own healing journey, from trauma, from grief, from so many losses.\u201d [...]","protected":false},"author":3,"featured_media":0,"parent":43,"menu_order":0,"comment_status":"closed","ping_status":"closed","template":"","meta":{"footnotes":""},"class_list":["post-1047","page","type-page","status-publish","hentry"],"_links":{"self":[{"href":"https:\/\/hospiceyukon.net\/fr\/wp-json\/wp\/v2\/pages\/1047","targetHints":{"allow":["GET"]}}],"collection":[{"href":"https:\/\/hospiceyukon.net\/fr\/wp-json\/wp\/v2\/pages"}],"about":[{"href":"https:\/\/hospiceyukon.net\/fr\/wp-json\/wp\/v2\/types\/page"}],"author":[{"embeddable":true,"href":"https:\/\/hospiceyukon.net\/fr\/wp-json\/wp\/v2\/users\/3"}],"replies":[{"embeddable":true,"href":"https:\/\/hospiceyukon.net\/fr\/wp-json\/wp\/v2\/comments?post=1047"}],"version-history":[{"count":17,"href":"https:\/\/hospiceyukon.net\/fr\/wp-json\/wp\/v2\/pages\/1047\/revisions"}],"predecessor-version":[{"id":3076,"href":"https:\/\/hospiceyukon.net\/fr\/wp-json\/wp\/v2\/pages\/1047\/revisions\/3076"}],"up":[{"embeddable":true,"href":"https:\/\/hospiceyukon.net\/fr\/wp-json\/wp\/v2\/pages\/43"}],"wp:attachment":[{"href":"https:\/\/hospiceyukon.net\/fr\/wp-json\/wp\/v2\/media?parent=1047"}],"curies":[{"name":"wp","href":"https:\/\/api.w.org\/{rel}","templated":true}]}}